{"id":977,"date":"2024-04-12T17:58:58","date_gmt":"2024-04-12T14:58:58","guid":{"rendered":"https:\/\/baltukas.lt\/?post_type=product&#038;p=977"},"modified":"2025-07-17T12:01:44","modified_gmt":"2025-07-17T09:01:44","slug":"burbur-drekinanti-kauke","status":"publish","type":"product","link":"https:\/\/baltukas.lt\/en\/product\/burbur-drekinanti-kauke\/","title":{"rendered":"Burbur Moisturizing Mask"},"content":{"rendered":"<p class=\"translation-block\">Be paraben\u0173<br>\r\nJokio \u017eiaurumo, bandym\u0173 su gyv\u016bnais, tik begalin\u0117 meil\u0117 jiems (cruelty-free)<br>\r\nTvari pakuot\u0117 i\u0161 perdirbto plastiko<\/p>\n<p>COMPOSITION:<\/p>\n<p>Aqua, Cetearyl Alcohol, Dipalmitoylethyl Hydroxyethylmonium Methosulfate, Caulerpa Lentilifera Extract, Cynara Scolymus (Artichoke) Leaf Extract, Macadamia Ternifolia Seed Oil, Fragrance, Cetrimonium Chloride, Glycerin, Butyrospermum Parkii Butter, Panthenol, Tocopheryl Acetate, Gluconolactone, Calcium Gluconate, Ceteareth-20, Phenoxyethanol, Triethylene Glycol, Sodium Benzoate, Potassium Sorbate, Coumarin<\/p>\n<p>USE:<\/p>\n<p>Apply to shampooed and rinsed fur. Leave on for at least 3-5 minutes, rinse with water and dry, the fur will become soft and shiny.<img loading=\"lazy\" decoding=\"async\" src=\"https:\/\/baltukas.lt\/wp-content\/uploads\/2024\/04\/BURBUR-MASK-250ml_01-1-300x300.png\" alt=\"Burbur dr\u0117kinanti kauk\u0117\" width=\"300\" height=\"300\" class=\"alignnone size-medium wp-image-966\" srcset=\"https:\/\/baltukas.lt\/wp-content\/uploads\/2024\/04\/BURBUR-MASK-250ml_01-1-300x300.png 300w, https:\/\/baltukas.lt\/wp-content\/uploads\/2024\/04\/BURBUR-MASK-250ml_01-1-1024x1024.png 1024w, https:\/\/baltukas.lt\/wp-content\/uploads\/2024\/04\/BURBUR-MASK-250ml_01-1-150x150.png 150w, https:\/\/baltukas.lt\/wp-content\/uploads\/2024\/04\/BURBUR-MASK-250ml_01-1-768x768.png 768w, https:\/\/baltukas.lt\/wp-content\/uploads\/2024\/04\/BURBUR-MASK-250ml_01-1-500x500.png 500w, https:\/\/baltukas.lt\/wp-content\/uploads\/2024\/04\/BURBUR-MASK-250ml_01-1-100x100.png 100w, https:\/\/baltukas.lt\/wp-content\/uploads\/2024\/04\/BURBUR-MASK-250ml_01-1.png 1500w\" sizes=\"auto, (max-width: 300px) 100vw, 300px\" \/><\/p>","protected":false},"excerpt":{"rendered":"<p>Moisturizing mask for dogs is enriched with green caviar extract and shea butter, it nourishes, conditions, moisturizes and protects your pet's skin and coat.<\/p>\n<p>Made in Spain.<\/p>\n<p>250 ml<\/p>","protected":false},"featured_media":966,"comment_status":"open","ping_status":"closed","template":"","meta":{"_gspb_post_css":""},"product_brand":[23],"product_cat":[19,106,24],"product_tag":[],"class_list":{"0":"post-977","1":"product","2":"type-product","3":"status-publish","4":"has-post-thumbnail","6":"product_brand-burbur","7":"product_cat-maudynems-ir-prieziurai","8":"product_cat-kondicionieriai-ir-kaukes","9":"product_cat-visi-produktai","11":"first","12":"instock","13":"shipping-taxable","14":"purchasable","15":"product-type-simple"},"ct_brands":[{"id":23,"name":"BurBur","slug":"burbur"}],"_links":{"self":[{"href":"https:\/\/baltukas.lt\/en\/wp-json\/wp\/v2\/product\/977","targetHints":{"allow":["GET"]}}],"collection":[{"href":"https:\/\/baltukas.lt\/en\/wp-json\/wp\/v2\/product"}],"about":[{"href":"https:\/\/baltukas.lt\/en\/wp-json\/wp\/v2\/types\/product"}],"replies":[{"embeddable":true,"href":"https:\/\/baltukas.lt\/en\/wp-json\/wp\/v2\/comments?post=977"}],"wp:featuredmedia":[{"embeddable":true,"href":"https:\/\/baltukas.lt\/en\/wp-json\/wp\/v2\/media\/966"}],"wp:attachment":[{"href":"https:\/\/baltukas.lt\/en\/wp-json\/wp\/v2\/media?parent=977"}],"wp:term":[{"taxonomy":"product_brand","embeddable":true,"href":"https:\/\/baltukas.lt\/en\/wp-json\/wp\/v2\/product_brand?post=977"},{"taxonomy":"product_cat","embeddable":true,"href":"https:\/\/baltukas.lt\/en\/wp-json\/wp\/v2\/product_cat?post=977"},{"taxonomy":"product_tag","embeddable":true,"href":"https:\/\/baltukas.lt\/en\/wp-json\/wp\/v2\/product_tag?post=977"}],"curies":[{"name":"wp","href":"https:\/\/api.w.org\/{rel}","templated":true}]}}