{"id":365,"date":"2024-04-09T14:23:03","date_gmt":"2024-04-09T14:23:03","guid":{"rendered":"https:\/\/baltukas.lt\/?post_type=product&#038;p=365"},"modified":"2026-05-10T09:17:03","modified_gmt":"2026-05-10T06:17:03","slug":"fairy-dust-50g","status":"publish","type":"product","link":"https:\/\/baltukas.lt\/en\/product\/fairy-dust-50g\/","title":{"rendered":"Brightworks fairy dust balinanti pudra"},"content":{"rendered":"<p data-pm-slice=\"1 1 []\"><strong>Brightworks fairy dust balinanti pudra <\/strong><br \/>\nFAIRY DUST is an ultra-fine, super-absorbent powder designed to DRY mustaches, beards and white paws and TEMPORARILY whiten white hair.<\/p>\n<p class=\"translation-block\">PLEASE NOTE: FAIRY DUST DOES NOT REMOVE STAINS, but acts as a cosmetic to cover the stain. It complements BRIGHTWORKS ORIGINAL POWDER stain remover\nIt is very important to keep dogs' faces as dry as possible, and this product does just that.\nThe powder also contains micro-fine shimmer particles that reflect light and give the coat a beautiful shine.<\/p>\n<p class=\"translation-block\">Best used with a detangling comb\nSUITABLE FOR ALL BREEDS<\/p>\n<p>Baltas kailiukas:\u00a0<a href=\"https:\/\/baltukas.lt\/en\/kailio-rudavimo-priezastys\/\">https:\/\/baltukas.lt\/kailio-rudavimo-priezastys\/<\/a><\/p>","protected":false},"excerpt":{"rendered":"<p>Brightworks fairy dust balinanti pudra \u201eFAIRY DUST\u201c yra itin smulk\u016bs, itin sugeriantys milteliai, skirti D\u017dIOVINTI \u016bsus, barzdas ir baltas letenas bei LAIKINAI balinti baltus plaukus. ATKREIPKITE D\u0116MES\u012e: FAIRY DULK\u0116S NEPA\u0160ALINA D\u0116M\u0172, bet veikia kaip kosmetin\u0117 priemon\u0117, padengianti d\u0117m\u0119. Jis papildo d\u0117mes \u0161alinan\u010dius BRIGHTWORKS ORIGINAL POWDER miltelius Labai svarbu, kad \u0161un\u0173 veidai b\u016bt\u0173 kuo sausesni, ir [&hellip;]<\/p>","protected":false},"featured_media":387,"comment_status":"open","ping_status":"closed","template":"","meta":{"_gspb_post_css":""},"product_brand":[22],"product_cat":[18,19,24],"product_tag":[],"class_list":{"0":"post-365","1":"product","2":"type-product","3":"status-publish","4":"has-post-thumbnail","6":"product_brand-brightworks","7":"product_cat-baltam-kailiui","8":"product_cat-maudynems-ir-prieziurai","9":"product_cat-visi-produktai","11":"first","12":"instock","13":"shipping-taxable","14":"purchasable","15":"product-type-simple"},"ct_brands":[{"id":22,"name":"Brightworks","slug":"brightworks"}],"_links":{"self":[{"href":"https:\/\/baltukas.lt\/en\/wp-json\/wp\/v2\/product\/365","targetHints":{"allow":["GET"]}}],"collection":[{"href":"https:\/\/baltukas.lt\/en\/wp-json\/wp\/v2\/product"}],"about":[{"href":"https:\/\/baltukas.lt\/en\/wp-json\/wp\/v2\/types\/product"}],"replies":[{"embeddable":true,"href":"https:\/\/baltukas.lt\/en\/wp-json\/wp\/v2\/comments?post=365"}],"wp:featuredmedia":[{"embeddable":true,"href":"https:\/\/baltukas.lt\/en\/wp-json\/wp\/v2\/media\/387"}],"wp:attachment":[{"href":"https:\/\/baltukas.lt\/en\/wp-json\/wp\/v2\/media?parent=365"}],"wp:term":[{"taxonomy":"product_brand","embeddable":true,"href":"https:\/\/baltukas.lt\/en\/wp-json\/wp\/v2\/product_brand?post=365"},{"taxonomy":"product_cat","embeddable":true,"href":"https:\/\/baltukas.lt\/en\/wp-json\/wp\/v2\/product_cat?post=365"},{"taxonomy":"product_tag","embeddable":true,"href":"https:\/\/baltukas.lt\/en\/wp-json\/wp\/v2\/product_tag?post=365"}],"curies":[{"name":"wp","href":"https:\/\/api.w.org\/{rel}","templated":true}]}}