{"id":3037,"date":"2025-09-14T22:47:46","date_gmt":"2025-09-14T19:47:46","guid":{"rendered":"https:\/\/baltukas.lt\/?post_type=product&#038;p=3037"},"modified":"2026-03-10T10:35:28","modified_gmt":"2026-03-10T08:35:28","slug":"brightworks-antibakteriniai-milteliai-sunims-ir-katems-10-g","status":"publish","type":"product","link":"https:\/\/baltukas.lt\/en\/product\/brightworks-antibakteriniai-milteliai-sunims-ir-katems-10-g\/","title":{"rendered":"Brightworks antibakteriniai milteliai \u0161unims ir kat\u0117ms, 10 g"},"content":{"rendered":"<p class=\"p1\"><strong><span class=\"s1\">Brightworks antibakteriniai milteliai \u0161unims ir kat\u0117ms, 10 g<br \/>\n<\/span><\/strong><\/p>\n<p class=\"p1\"><span class=\"s1\">nepakei\u010diama priemon\u0117 J\u016bs\u0173 augintinio pirmosios pagalbos bei higienos rinkinyje. \u0160ie milteliai padeda gydyti lengvas aus\u0173 infekcijas, pavir\u0161ines odos \u017eaizdeles bei u\u017ekirsti keli\u0105 bakterij\u0173 ir grybeli\u0173 dauginimuisi.<\/span><\/p>\n<p class=\"p1\"><span class=\"s1\">Milteliai puikiai tinka:<\/span><\/p>\n<ul>\n<li>\n<p class=\"p1\"><span class=\"s1\">lengvoms aus\u0173 infekcijoms \u2013 tiesiog pabarstykite ant ausies (ne \u012f ausies kanal\u0105),<\/span><\/p>\n<\/li>\n<li>\n<p class=\"p1\"><span class=\"s1\">pavir\u0161in\u0117ms \u017eaizdoms, \u012fdr\u0117skimams, paraudimui, b\u0117rimams,<\/span><\/p>\n<\/li>\n<li>\n<p class=\"p1\"><span class=\"s1\">nedidel\u0117ms \u012fpjovoms ar odos pa\u017eeidimams gydyti,<\/span><\/p>\n<\/li>\n<li>\n<p class=\"p1\"><span class=\"s1\">dezinfekcinio tirpalo ruo\u0161imui.<\/span><\/p>\n<\/li>\n<\/ul>\n<p class=\"p1\"><span class=\"s1\">Kadangi tai <\/span><span class=\"s3\">milteli\u0173 forma<\/span><span class=\"s1\">, jie sugeria dr\u0117gm\u0119 i\u0161 odos ir kailio, tod\u0117l \u017eaizdos gyja grei\u010diau, ma\u017e\u0117ja infekcijos rizika ir ger\u0117ja odos b\u016bkl\u0117.<\/span><\/p>\n<p class=\"p1\"><span class=\"s1\">Patogi 10 g pakuot\u0117 puikiai telpa \u012f bet kur\u012f pirmosios pagalbos ar augintinio prie\u017ei\u016bros rinkin\u012f. Paprasta naudoti \u2013 pabarstykite tiesiai ant \u017eaizdos, ausies ar problemin\u0117s vietos ir leiskite priemonei veikti.<\/span><\/p>\n<p class=\"p1\"><span class=\"s1\">R\u016bpinkit\u0117s savo augintinio sveikata ir higiena su <\/span><span class=\"s3\">Brightworks antibakteriniais milteliais<\/span><span class=\"s1\"> \u2013 patikima apsauga nuo bakterij\u0173 ir grybeli\u0173 kasdien\u0117je prie\u017ei\u016broje.<\/span><\/p>","protected":false},"excerpt":{"rendered":"<p>Brightworks antibakteriniai milteliai \u0161unims ir kat\u0117ms, 10 g nepakei\u010diama priemon\u0117 J\u016bs\u0173 augintinio pirmosios pagalbos bei higienos rinkinyje. \u0160ie milteliai padeda gydyti lengvas aus\u0173 infekcijas, pavir\u0161ines odos \u017eaizdeles bei u\u017ekirsti keli\u0105 bakterij\u0173 ir grybeli\u0173 dauginimuisi. Milteliai puikiai tinka: lengvoms aus\u0173 infekcijoms \u2013 tiesiog pabarstykite ant ausies (ne \u012f ausies kanal\u0105), pavir\u0161in\u0117ms \u017eaizdoms, \u012fdr\u0117skimams, paraudimui, b\u0117rimams, nedidel\u0117ms [&hellip;]<\/p>","protected":false},"featured_media":3038,"comment_status":"open","ping_status":"closed","template":"","meta":{"_gspb_post_css":""},"product_brand":[22],"product_cat":[111,85,94,24],"product_tag":[],"class_list":{"0":"post-3037","1":"product","2":"type-product","3":"status-publish","4":"has-post-thumbnail","6":"product_brand-brightworks","7":"product_cat-katems","8":"product_cat-higiena","9":"product_cat-sunu-odos-ligos","10":"product_cat-visi-produktai","12":"first","13":"outofstock","14":"shipping-taxable","15":"purchasable","16":"product-type-simple"},"ct_brands":[{"id":22,"name":"Brightworks","slug":"brightworks"}],"_links":{"self":[{"href":"https:\/\/baltukas.lt\/en\/wp-json\/wp\/v2\/product\/3037","targetHints":{"allow":["GET"]}}],"collection":[{"href":"https:\/\/baltukas.lt\/en\/wp-json\/wp\/v2\/product"}],"about":[{"href":"https:\/\/baltukas.lt\/en\/wp-json\/wp\/v2\/types\/product"}],"replies":[{"embeddable":true,"href":"https:\/\/baltukas.lt\/en\/wp-json\/wp\/v2\/comments?post=3037"}],"wp:featuredmedia":[{"embeddable":true,"href":"https:\/\/baltukas.lt\/en\/wp-json\/wp\/v2\/media\/3038"}],"wp:attachment":[{"href":"https:\/\/baltukas.lt\/en\/wp-json\/wp\/v2\/media?parent=3037"}],"wp:term":[{"taxonomy":"product_brand","embeddable":true,"href":"https:\/\/baltukas.lt\/en\/wp-json\/wp\/v2\/product_brand?post=3037"},{"taxonomy":"product_cat","embeddable":true,"href":"https:\/\/baltukas.lt\/en\/wp-json\/wp\/v2\/product_cat?post=3037"},{"taxonomy":"product_tag","embeddable":true,"href":"https:\/\/baltukas.lt\/en\/wp-json\/wp\/v2\/product_tag?post=3037"}],"curies":[{"name":"wp","href":"https:\/\/api.w.org\/{rel}","templated":true}]}}