{"id":2727,"date":"2025-04-25T23:01:03","date_gmt":"2025-04-25T20:01:03","guid":{"rendered":"https:\/\/baltukas.lt\/?post_type=product&#038;p=2727"},"modified":"2026-05-07T16:09:49","modified_gmt":"2026-05-07T13:09:49","slug":"mr-bones-zaliuju-midiju-uzpilas-sunims-natu","status":"publish","type":"product","link":"https:\/\/baltukas.lt\/en\/product\/mr-bones-zaliuju-midiju-uzpilas-sunims-natu\/","title":{"rendered":"Mr.Bones \u017dali\u0173j\u0173 midij\u0173  nat\u016bralus papildas \u0161unims"},"content":{"rendered":"<p><strong>Mr.Bones \u017dali\u0173j\u0173 midij\u0173 nat\u016bralus papildas \u0161unims<\/strong><\/p>\n<p><strong>Kas yra \u017eali\u0173j\u0173 midij\u0173 pupildas?<br \/>\n<\/strong>\u017dali\u0173j\u0173 midij\u0173 pagardas yra 100 % nat\u016bralus maisto papildas \u0161unims ir kat\u0117ms, specialiai sukurtas mai\u0161yti arba berti ant j\u0173 kasdienio maisto (sauso, \u0161lapio ar BARF dietos).<\/p>\n<p><strong>Kod\u0117l \u017ealioji\u00a0midija tokia naudinga?<br \/>\n<\/strong>\u0160is moliuskas \u017einomas d\u0117l didelio gliukozamino ir chondroitino kiekio \u2013 b\u016btin\u0173 s\u0105nari\u0173 sveikatai ir judrumui palaikyti. Jame taip pat gausu omega-3 riebal\u0173 r\u016bg\u0161\u010di\u0173, kurios gali pad\u0117ti suma\u017einti u\u017edegim\u0105 ir s\u0105nari\u0173 nusid\u0117v\u0117jim\u0105.<\/p>\n<p><strong>Kod\u0117l verta rinktis \u017ealiasias\u00a0midijas?<\/strong><br \/>\n<strong>Papildoma mityba:<\/strong> Sud\u0117tyje yra 65 % baltym\u0173 ir sveik\u0173j\u0173 riebal\u0173 (11 %), kurie sustiprina j\u016bs\u0173 augintinio kasdien\u0119 mityb\u0105.<br \/>\n<strong>Nat\u016bralus chondroprotektorius:<\/strong> Praturtintas gliukozaminu ir chondroitinu, gali skatinti s\u0105nari\u0173 gerov\u0119 ir judrum\u0105 \u0161unims ir kat\u0117ms.<br \/>\n<strong>Neabejotinas skonis ir aromatas:<\/strong> Intensyvus j\u016brinis aromatas ir puikus gardumas paver\u010dia \u0161\u012f produkt\u0105 nenugalimu j\u016bs\u0173 augintinio traukos objektu.<br \/>\n<strong>Lengvai vir\u0161kinamas:<\/strong> \u017dalial\u016bp\u0117s midijos yra \u0161velnios skrand\u017eiui ir gali pad\u0117ti pa\u012fvairinti \u0161un\u0173 ir ka\u010di\u0173 baltym\u0173 suvartojim\u0105.<br \/>\n<strong>Be monoprotein\u0173 ir pried\u0173:<\/strong> Be gr\u016bd\u0173, konservant\u0173 ar dirbtini\u0173 da\u017eikli\u0173. Idealiai tinka eliminacinei dietai, esant netoleravimui ar jautriam skrand\u017eiui.<br \/>\n<strong>Prakti\u0161kas kiekis:<\/strong> Rinkinyje yra medinis \u0161auk\u0161tas lengvam dozavimui ir stiklinis indelis, kuriame produktas i\u0161lieka \u0161vie\u017eias.<\/p>\n<p><strong>Naudojimo rekomendacijos ir dienos norma<br \/>\n<\/strong><strong>Kaip naudoti<br \/>\n<\/strong>Pabarstyti arba sumai\u0161yti: \u012e \u0117dal\u0105 (saus\u0105, dr\u0117gn\u0105 arba BARF) \u012fberkite nedidel\u012f kiek\u012f \u017eali\u0173j\u0173 midij\u0173 antgalio.<br \/>\nLaipsni\u0161kas \u012fvedimas: Jei j\u016bs\u0173 augintinis bando j\u012f pirm\u0105 kart\u0105, prad\u0117kite nuo pus\u0117s arbatinio \u0161auk\u0161telio ir palaipsniui didinkite.<br \/>\nNaudojimas ant uosl\u0117s kilim\u0117lio: Pabarstykite antgaliu ant sudr\u0117kinto \u201eLickiMat\u00ae\u201c kilim\u0117lio (su vandeniu, kefyru arba sultiniu), kad pa\u017eadintum\u0117te smalsum\u0105 ir sustiprintum\u0117te jutimin\u0119 patirt\u012f.<\/p>\n<p><strong>Rekomenduojama porcijos norma<br \/>\n<\/strong>Ma\u017e\u0173 veisli\u0173 \u0161unims: 1 arba 2 arbatiniai \u0161auk\u0161teliai per dien\u0105.<br \/>\nVidutini\u0173 veisli\u0173 \u0161unims: 2\u20134 arbatiniai \u0161auk\u0161teliai per dien\u0105.<br \/>\nDideli\u0173 veisli\u0173 \u0161unims: 3\u20136 arbatiniai \u0161auk\u0161teliai per dien\u0105.<br \/>\nKat\u0117ms: 1 arba 2 arbatiniai \u0161auk\u0161teliai per dien\u0105.<\/p>\n<p><em>(Kiek\u012f koreguokite pagal savo augintinio apetit\u0105, dyd\u012f ir mitybos poreikius. Pavyzd\u017eiui, 10 kg sverian\u010diam \u0161uniui gali pakakti vieno arbatinio \u0161auk\u0161telio per dien\u0105.)<\/em><\/p>\n<p><strong>Laikymas<br \/>\n<\/strong>V\u0117sioje ir sausoje vietoje: laikyti talpykl\u0105 atokiau nuo dr\u0117gm\u0117s ir saul\u0117s spinduli\u0173.<br \/>\nStiklinis indas su dangteliu: po kiekvieno naudojimo sandariai u\u017edarykite, kad i\u0161saugotum\u0117te \u0161vie\u017eum\u0105 ir aromat\u0105.<br \/>\nGeriausias iki: patikrinkite etiket\u0119 ir laikykit\u0117s nurodytos datos.<\/p>\n<p><strong>Analitin\u0117 sud\u0117tis<br \/>\n<\/strong>Sudedamosios dalys: D\u017eiovintos midijos (\u017ealiosios midijos)<br \/>\n\u017dali baltymai: 65 %<br \/>\n\u017dali riebalai: 11 %<br \/>\n\u017dali l\u0105steliena: 1 %<br \/>\nDr\u0117gm\u0117: 9 %<br \/>\n\u017dali pelenai: 3 %<br \/>\n<em>(Vert\u0117s gali \u0161iek tiek skirtis priklausomai nuo partijos.)<\/em><\/p>\n<p><strong>Da\u017enai u\u017eduodami klausimai (DUK)<\/strong><\/p>\n<p><strong>Ar \u017ealil\u016bpi\u0173 midij\u0173 antgalis sud\u0117tyje yra druskos ar konservant\u0173?<br \/>\n<\/strong>Ne, tik d\u017eiovintos \u017ealil\u016bp\u0117s midijos.<\/p>\n<p><strong>Ar galiu \u017ealil\u016bpi\u0173 midij\u0173 antgal\u012f duoti kaip u\u017ekand\u012f?<br \/>\n<\/strong>Taip, nors jis skirtas mai\u0161yti su maistu, j\u012f taip pat galima duoti kaip retkar\u010diais pagamint\u0105 skan\u0117st\u0105.<\/p>\n<p><strong>Ar \u017ealil\u016bpi\u0173 midij\u0173 antgalis tinka kat\u0117ms?<\/strong><br \/>\nBe abejo; b\u016bdamas monoproteininis ir nat\u016bralus, jis tinka vis\u0173 am\u017eiaus grupi\u0173 kat\u0117ms.<\/p>\n<p><strong>Ar \u017ealil\u016bp\u0117s midijos gali b\u016bti naudingos \u0161unims ir kat\u0117ms, turin\u010dioms s\u0105nari\u0173 problem\u0173?<br \/>\n<\/strong>Taip, d\u0117l nat\u016bralaus gliukozamino ir chondroitino kiekio jis gali prisid\u0117ti prie s\u0105nari\u0173 sveikatos ir judrumo.<\/p>\n<p><strong>Ar \u017ealil\u016bpi\u0173 midij\u0173 antgalis \u0161unims tinka bet kokiai dietai?<br \/>\n<\/strong>Taip, kadangi jame n\u0117ra gr\u016bd\u0173 ar pried\u0173, jis puikiai dera su pa\u0161aru, \u0161lapiu maistu ar BARF.<\/p>\n<p><strong>Nuo kokio am\u017eiaus rekomenduojamas \u017ealil\u016bpi\u0173 midij\u0173 papildas?<\/strong><br \/>\nJis tinka vis\u0173 am\u017eiaus grupi\u0173 kat\u0117ms; \u0160uniukams ar ka\u010diukams j\u012f duokite palaipsniui.<\/p>\n<p><strong>Ar \u017eali\u0173j\u0173 midij\u0173 dribsniai \u0161unims pakei\u010dia kasdien\u012f \u0117dal\u0105?<br \/>\n<\/strong>Ne, tai papildas, gerinantis skon\u012f ir maistin\u0119 vert\u0119, o ne pilnavert\u0117s mitybos pakaitalas.<\/p>\n<p><strong>Ar mano augintinis gali netoleruoti \u017eali\u0173j\u0173 midij\u0173 dribsni\u0173?<\/strong><br \/>\nKadangi jie yra 100 % nat\u016bral\u016bs ir pagaminti i\u0161 monoprotein\u0173, paprastai gerai toleruojami. Jei turite klausim\u0173, kreipkit\u0117s \u012f veterinarijos gydytoj\u0105.<\/p>\n<p><strong>Suteikia j\u016bs\u0173 \u0117dalui papildomo skonio ir maistini\u0173 med\u017eiag\u0173<\/strong><\/p>\n<p><strong>Paverskite kiekvien\u0105 valg\u012f ypatingu su \u017eali\u0173j\u0173 midij\u0173 dribsniais. Skanus priedas, naudingas j\u016bs\u0173 augintinio s\u0105nari\u0173 sveikatai. Jie jums pad\u0117kos su kiekvienu k\u0105sniu!<\/strong><\/p>","protected":false},"excerpt":{"rendered":"<p>\u017dali\u0173j\u0173 midij\u0173 pagardas yra nat\u016bralus maisto papildas \u0161unims (ir kat\u0117ms). Pabarst\u0119 arba \u012fmai\u0161\u0119 nedidel\u012f kiek\u012f \u012f \u012fprast\u0105 \u0117dal\u0105, gausite kokybi\u0161k\u0173 baltym\u0173 ir b\u016btin\u0173 maistini\u0173 med\u017eiag\u0173 s\u0105nariams ir judrumui, taip pat nenugalim\u0105 skon\u012f ir aromat\u0105. Nat\u016bralus chondroprotektorius, kuris kiekvien\u0105 valg\u012f paver\u010dia unikalia patirtimi.<\/p>\n<p><strong>Kiekis:<\/strong> 100 gram\u0173<\/p>","protected":false},"featured_media":2728,"comment_status":"open","ping_status":"closed","template":"","meta":{"_gspb_post_css":""},"product_brand":[],"product_cat":[111,21,32,20,24],"product_tag":[],"class_list":{"0":"post-2727","1":"product","2":"type-product","3":"status-publish","4":"has-post-thumbnail","6":"product_cat-katems","7":"product_cat-akcijos","8":"product_cat-papildai","9":"product_cat-skanestai","10":"product_cat-visi-produktai","12":"first","13":"instock","14":"sale","15":"shipping-taxable","16":"purchasable","17":"product-type-simple"},"ct_brands":[],"_links":{"self":[{"href":"https:\/\/baltukas.lt\/en\/wp-json\/wp\/v2\/product\/2727","targetHints":{"allow":["GET"]}}],"collection":[{"href":"https:\/\/baltukas.lt\/en\/wp-json\/wp\/v2\/product"}],"about":[{"href":"https:\/\/baltukas.lt\/en\/wp-json\/wp\/v2\/types\/product"}],"replies":[{"embeddable":true,"href":"https:\/\/baltukas.lt\/en\/wp-json\/wp\/v2\/comments?post=2727"}],"wp:featuredmedia":[{"embeddable":true,"href":"https:\/\/baltukas.lt\/en\/wp-json\/wp\/v2\/media\/2728"}],"wp:attachment":[{"href":"https:\/\/baltukas.lt\/en\/wp-json\/wp\/v2\/media?parent=2727"}],"wp:term":[{"taxonomy":"product_brand","embeddable":true,"href":"https:\/\/baltukas.lt\/en\/wp-json\/wp\/v2\/product_brand?post=2727"},{"taxonomy":"product_cat","embeddable":true,"href":"https:\/\/baltukas.lt\/en\/wp-json\/wp\/v2\/product_cat?post=2727"},{"taxonomy":"product_tag","embeddable":true,"href":"https:\/\/baltukas.lt\/en\/wp-json\/wp\/v2\/product_tag?post=2727"}],"curies":[{"name":"wp","href":"https:\/\/api.w.org\/{rel}","templated":true}]}}