{"id":2673,"date":"2025-04-20T13:10:57","date_gmt":"2025-04-20T10:10:57","guid":{"rendered":"https:\/\/baltukas.lt\/?post_type=product&#038;p=2673"},"modified":"2026-05-07T17:18:31","modified_gmt":"2026-05-07T14:18:31","slug":"mr-bones-dziovintas-laisvai","status":"publish","type":"product","link":"https:\/\/baltukas.lt\/en\/product\/mr-bones-dziovintas-laisvai\/","title":{"rendered":"Mr.Bones d\u017eiovintas laisvai laikom\u0173 vi\u0161t\u0173 m\u0117sa \u2013 nat\u016bralus, be gr\u016bd\u0173 \u0161un\u0173 maistas"},"content":{"rendered":"<p><strong>Mr.Bones d\u017eiovintas laisvai laikom\u0173 vi\u0161t\u0173 m\u0117sa \u2013 nat\u016bralus, be gr\u016bd\u0173 \u0161un\u0173 maistas<br \/>\nKas yra Mr.Bones Dry BARF laisvai laikom\u0173 vi\u0161t\u0173 m\u0117sa?<\/strong><\/p>\n<p>Dry BARF Free-Range Chicken yra visavertis ir subalansuotas \u0161un\u0173 maistas, sukurtas pagal BARF (biologi\u0161kai tinkamo \u017ealiavinio maisto) filosofij\u0105. Jis pagamintas i\u0161 \u0161vie\u017ei\u0173 ingredient\u0173, sumaltas ir sumai\u0161ytas prie\u0161 d\u017eiovinim\u0105 ore \u017eemoje temperat\u016broje, taip i\u0161saugant auk\u0161t\u0105 maistin\u0119 vert\u0119.<\/p>\n<p>BARF filosofija: 90 % m\u0117sos (\u012fskaitant 10 % subprodukt\u0173 ir 20 % m\u0117sini\u0173 kaul\u0173) ir 10 % vaisi\u0173 ir dar\u017eovi\u0173, pana\u0161iai kaip tradicin\u0117je BARF dietoje.<br \/>\nPatogumas ir ilgaam\u017ei\u0161kumas: Skirtingai nuo \u0161aldyto BARF, jo nereikia \u0161aldyti ir yra prakti\u0161kesnis keliaujant arba ie\u0161kantiems paprastos, nat\u016bralios mitybos.<\/p>\n<p><strong>Dry BARF laisvai laikom\u0173 vi\u0161t\u0173 m\u0117sos\u00a0prana\u0161umai<\/strong><\/p>\n<p><strong>Visavertis ir subalansuotas maistas:<\/strong> Ideali baltym\u0173, riebal\u0173 ir skaidul\u0173 proporcija.<br \/>\n<strong>100% nat\u016bralus:<\/strong> be jav\u0173 ar dirbtini\u0173 pried\u0173, puikiai tinka netoleruojantiems \u0161unims.<br \/>\n<strong>Geras vir\u0161kinamumas:<\/strong> ypa\u010d tinka \u0161unims su jautriu skrand\u017eiu.<br \/>\n<strong>Mink\u0161ta ir netaisyklinga tekst\u016bra:<\/strong> minimalus apdorojimas, apetit\u0105 keliantys gabalai vis\u0173 am\u017eiaus grupi\u0173 \u0161unims.<br \/>\n<strong>Puikus skonis:<\/strong> 90 % vi\u0161tienos sudaro nenugalimas aromatas ir skonis.<br \/>\n<strong>Didesn\u0117 maistini\u0173 med\u017eiag\u0173 koncentracija:<\/strong> d\u017eiovinimo procese sukoncentruojami vitaminai ir mineralai, o tai suma\u017eina vienai porcijai reikaling\u0105 kiek\u012f.<br \/>\nPatogus ir ne\u0161iojamas: nereikia u\u017e\u0161aldyti; jo daugkartinis u\u017etrauktukas i\u0161laiko \u0161vie\u017eum\u0105.<\/p>\n<p><strong>Kam gali b\u016bti \u012fdomu?<br \/>\n<\/strong>\u0160i dehidratuota BARF dieta idealiai tinka:<\/p>\n<p><strong>Alergi\u0161ki ar netoleruojantys \u0161unys:<\/strong> Kadangi yra monoprotein\u0173 ir be gr\u016bd\u0173, jis puikiai tinka jautriems skrand\u017eiams.<br \/>\n<strong>Keliaujant:<\/strong> sausas, lengvas formatas leid\u017eia lengvai pasiimti savo \u0161uns maist\u0105 visur be \u0161aldytuvo.<br \/>\nSavininkai, ie\u0161kantys lengvumo: jei jums patinka BARF dieta, bet nenorite spr\u0119sti u\u017e\u0161alimo, \u0161aldytuvo vietos ar atitirpinimo problem\u0173, Dry BARF yra geriausias j\u016bs\u0173 s\u0105jungininkas.<br \/>\n<strong>I\u0161rank\u016bs valgytojai:<\/strong> jo intensyvus skonis ir mink\u0161ta tekst\u016bra yra labai patraukl\u016bs net \u0161unims, kurie ma\u017eai domisi maistu.<br \/>\n<strong>Mokytojai, vertinantys vietinius ir tvarius produktus:<\/strong> Pagaminta i\u0161 vietini\u0173 ingredient\u0173, ma\u017einan\u010di\u0173 anglies p\u0117dsak\u0105 ir u\u017etikrinant \u0161vie\u017eum\u0105.<\/p>\n<p><strong>Vieno baltymo, be gr\u016bd\u0173 meniu<\/strong><\/p>\n<p>\u0160is meniu yra vieno baltymo dieta, sudaryta tik i\u0161 laisvai laikom\u0173 vi\u0161tienos. D\u0117l to jis puikiai tinka \u0161unims, turintiems alergij\u0105 maistui ar netoleruojantiems maisto. Be to, kadangi tai maistas be gr\u016bd\u0173, jame i\u0161vengiama rafinuot\u0173 angliavandeni\u0173, kurie gali sukelti vir\u0161kinimo problem\u0173 ir padidinti dant\u0173 akmen\u0173 susidarym\u0105.<\/p>\n<p><strong>Nat\u016bral\u016bs ingredientai ir vietin\u0117 kilm\u0117<\/strong><\/p>\n<p>Pagrindiniai ingredientai:<br \/>\nLaisvai auginama vi\u0161tiena (45% raumen\u0173 m\u0117sos, 15% \u0161irdies, 7% kepen\u0173, 3% skilvelio, 20% m\u0117singo kaulo)<br \/>\nVaisiai ir dar\u017eov\u0117s (10%): obuoliai, moli\u016bgai, brokoliai<br \/>\nAromatin\u0117s \u017eol\u0117s: rozmarinas ir \u010diobrelis<br \/>\nVietin\u0117s kilm\u0117s: auginame ir atrenkame laisvai laikomus vi\u0161\u010diukus Ekstremaduroje, kad u\u017etikrintume auk\u0161tos kokyb\u0117s \u0161vie\u017eius ingredientus ir suma\u017eintume anglies p\u0117dsak\u0105.<\/p>\n<p><strong>Paai\u0161kinimai d\u0117l vidaus organ\u0173<\/strong><\/p>\n<p>Organin\u0117 m\u0117sa yra esmin\u0117 BARF dietos dalis d\u0117l didelio maistinio tankio. \u012e Dry BARF Laisvo ganymo vi\u0161tien\u0105 \u012ftraukiame:<\/p>\n<p>\u0160irdis (taurino ir kofermento Q10 \u0161altinis, b\u016btinas \u0161irdies ir kraujagysli\u0173 sveikatai).<br \/>\nKepenys (turi daug vitamin\u0173 A, B ir gele\u017eies).<br \/>\nGizzard (tiekia auk\u0161tos kokyb\u0117s baltymus ir fermentus, kurie gerina vir\u0161kinim\u0105).<br \/>\nD\u0117l \u0161i\u0173 vidaus organ\u0173 maiste yra vitamin\u0173, mineral\u0173 ir amino r\u016bg\u0161\u010di\u0173, kurios papildo raumen\u0173 m\u0117s\u0105, taip u\u017etikrinant subalansuot\u0105 mityb\u0105, kurioje gausu mikroelement\u0173.<\/p>\n<p><strong>Laisvai laikomos vi\u0161tienos prana\u0161umai<br \/>\n<\/strong><strong>Laisvai laikom\u0173 vi\u0161tienos m\u0117sa i\u0161siskiria puikiu vir\u0161kinamumu ir maistiniu profiliu:<\/strong><\/p>\n<p>Liesas baltymas:<br \/>\nVi\u0161tienoje ma\u017eai so\u010di\u0173j\u0173 riebal\u0173, joje gausu auk\u0161tos kokyb\u0117s baltym\u0173, kurie padeda i\u0161laikyti raumen\u0173 mas\u0119 ir sveik\u0105 svor\u012f.<br \/>\nDidelis nepakei\u010diam\u0173 aminor\u016bg\u0161\u010di\u0173 kiekis:<br \/>\nJame gausu aminor\u016bg\u0161\u010di\u0173, b\u016btin\u0173 l\u0105steli\u0173 vystymuisi, imuninei funkcijai ir tinkamam \u0161un\u0173 k\u016bno funkcionavimui.<br \/>\nLengvai vir\u0161kinamas:<br \/>\nYpa\u010d naudinga \u0161unims su jautriu skrand\u017eiu arba tiems, kuriems po pasveikimo reikia \u0161velnios dietos.<br \/>\nVietin\u0117 ir tvari kilm\u0117:<br \/>\nLaisv\u0117je laikom\u0173 vi\u0161\u010diuk\u0173 auginimas u\u017etikrina gyv\u016bn\u0173 gerov\u0119 ir auk\u0161tesn\u0119 maistin\u0119 m\u0117s\u0105, be to, suma\u017eina anglies p\u0117dsak\u0105.<\/p>\n<p>Pasirink\u0119 \u0161\u012f auk\u0161\u010diausios kokyb\u0117s pasirinkim\u0105, j\u016bs\u0173 \u0161uo m\u0117gaujasi baltymais, kuriuose gausu maistini\u0173 med\u017eiag\u0173, \u0161velniai veikia jo vir\u0161kinimo sistem\u0105 ir m\u0117gstamo skonio.<\/p>\n<p><strong>Analitin\u0117 sud\u0117tis<\/strong><\/p>\n<p>Kcal (100 g): 640<br \/>\n\u017dali baltymai: 64%<br \/>\n\u017eali riebalai: 31%<br \/>\n\u017ealias pluo\u0161tas: 1%<br \/>\nDr\u0117gm\u0117: 5%<br \/>\n\u017dali pelenai: 5%<br \/>\nD\u0117l \u0161io santykio Dry BARF Free Range Chicken yra subalansuota mityba, kurioje yra auk\u0161tos kokyb\u0117s baltym\u0173 ir nedidelis riebal\u0173 kiekis.<\/p>\n<p><strong>Kaip paruo\u0161ti saus\u0105 BARF laisvai auginam\u0105 vi\u0161tien\u0105<\/strong><\/p>\n<p><strong>Sausas variantas:<\/strong><br \/>\nPatiekite produkt\u0105 tiesiogiai, nereik\u0117s dr\u0117kinti.<br \/>\n<strong>Hidratuotas variantas:<\/strong><br \/>\n\u012epilkite vandens arba sultinio (kar\u0161to arba \u0161alto), kol Dry BARF padengs.<br \/>\nPalikite 5-10 minu\u010di\u0173, kad sugert\u0173 dr\u0117gm\u0119.<br \/>\n<strong>Pastaba:<\/strong> vandens ar sultinio kiek\u012f galite reguliuoti pagal j\u016bs\u0173 \u0161uniui pageidaujam\u0105 konsistencij\u0105 ir skon\u012f.<br \/>\n<strong>Papildomas patarimas:<\/strong><br \/>\nNaudojant kar\u0161t\u0105 vanden\u012f ar sultin\u012f, pagreit\u0117ja hidratacija ir pager\u0117ja maistini\u0173 med\u017eiag\u0173 \u012fsisavinimas.<\/p>\n<p><strong>Mitybos vadovas<\/strong><br \/>\n<strong>Rekomenduojamas dienos racionas priklauso nuo j\u016bs\u0173 \u0161uns svorio, am\u017eiaus ir aktyvumo:<\/strong><\/p>\n<p>\u0160uniukai ir n\u0117\u0161\u010dios arba \u017eindan\u010dios \u0161unys: padvigubinkite racion\u0105 ir padalinkite \u012f 2\u20133 \u0161\u0117rimus.<br \/>\nSuaugusiems \u0161unims: racion\u0105 padalinkite \u012f 2 dienos dozes (ryte ir vakare).<br \/>\nIndividual\u016bs nustatymai:<br \/>\nJei jums reikia, kad j\u016bs\u0173 \u0161uo numest\u0173 svor\u012f, suma\u017einkite racion\u0105 10-15% ir padidinkite fizin\u012f aktyvum\u0105.<br \/>\nJei norite priaugti svorio, padidinkite racion\u0105 10-15%.<\/p>\n<p>Atminkite, kad jei j\u016bs\u0173 \u0161uo i\u0161laiko stabil\u0173 svor\u012f, turi energijos, \u017evilgant\u012f kail\u012f ir kompakti\u0161kas i\u0161matos, si\u016blome reikiam\u0105 kiek\u012f.<\/p>\n<div class=\"woocommerce-tabs wc-tabs-wrapper\">\n<div id=\"tab-description\" class=\"woocommerce-Tabs-panel woocommerce-Tabs-panel--description panel entry-content wc-tab\" role=\"tabpanel\" aria-labelledby=\"tab-title-description\">\n<div class=\"post-content\">\n<table dir=\"ltr\" border=\"1\" cellspacing=\"0\" cellpadding=\"0\" data-sheets-root=\"1\" data-sheets-baot=\"1\">\n<colgroup>\n<col width=\"53\" \/>\n<col width=\"53\" \/>\n<col width=\"53\" \/>\n<col width=\"53\" \/><\/colgroup>\n<tbody>\n<tr>\n<td colspan=\"2\" rowspan=\"1\">Dog&#8217;s weight<\/td>\n<td colspan=\"2\" rowspan=\"1\">Daily ration<\/td>\n<\/tr>\n<tr>\n<td>KG<\/td>\n<td>LB<\/td>\n<td>G<\/td>\n<td>Oz<\/td>\n<\/tr>\n<tr>\n<td>1<\/td>\n<td>2.2<\/td>\n<td>22<\/td>\n<td>0.8<\/td>\n<\/tr>\n<tr>\n<td>2<\/td>\n<td>4.4<\/td>\n<td>31<\/td>\n<td>1.1<\/td>\n<\/tr>\n<tr>\n<td>3<\/td>\n<td>6.6<\/td>\n<td>41<\/td>\n<td>1.4<\/td>\n<\/tr>\n<tr>\n<td>4<\/td>\n<td>8.8<\/td>\n<td>50<\/td>\n<td>1.8<\/td>\n<\/tr>\n<tr>\n<td>5<\/td>\n<td>11.0<\/td>\n<td>59<\/td>\n<td>2.1<\/td>\n<\/tr>\n<tr>\n<td>8<\/td>\n<td>16.5<\/td>\n<td>83<\/td>\n<td>2.9<\/td>\n<\/tr>\n<tr>\n<td>10<\/td>\n<td>22.0<\/td>\n<td>106<\/td>\n<td>3.7<\/td>\n<\/tr>\n<tr>\n<td>13<\/td>\n<td>27.6<\/td>\n<td>130<\/td>\n<td>4.6<\/td>\n<\/tr>\n<tr>\n<td>15<\/td>\n<td>33.1<\/td>\n<td>153<\/td>\n<td>5.4<\/td>\n<\/tr>\n<tr>\n<td>20<\/td>\n<td>44.1<\/td>\n<td>184<\/td>\n<td>6.5<\/td>\n<\/tr>\n<tr>\n<td>25<\/td>\n<td>55.1<\/td>\n<td>216<\/td>\n<td>7.6<\/td>\n<\/tr>\n<tr>\n<td>30<\/td>\n<td>66.1<\/td>\n<td>247<\/td>\n<td>8.7<\/td>\n<\/tr>\n<tr>\n<td>35<\/td>\n<td>77.2<\/td>\n<td>278<\/td>\n<td>9.8<\/td>\n<\/tr>\n<tr>\n<td>40<\/td>\n<td>88.2<\/td>\n<td>309<\/td>\n<td>10.9<\/td>\n<\/tr>\n<tr>\n<td>45<\/td>\n<td>99.2<\/td>\n<td>337<\/td>\n<td>11.9<\/td>\n<\/tr>\n<\/tbody>\n<\/table>\n<p><strong>Trumpas per\u0117jimo prie sauso BARF, skirto laisvai auginamai vi\u0161tienai, vadovas<\/strong><\/p>\n<p>J\u016bs\u0173 \u0161uns dietos pakeitimas Dry BARF yra svarbus \u017eingsnis siekiant pagerinti j\u0173 sveikat\u0105. Kad i\u0161vengtum\u0117te vir\u0161kinimo diskomforto, atlikite \u0161iuos veiksmus, atsi\u017evelgdami \u012f j\u0173 vir\u0161kinimo jautrum\u0105.<\/p>\n<p><strong>Ar j\u016bs\u0173 \u0161uo turi jautri\u0105 vir\u0161kinimo sistem\u0105?<\/strong><\/p>\n<p>Jei pakeit\u0119 mityb\u0105 jau\u010diate v\u0117mim\u0105, viduriavim\u0105 ar diskomfort\u0105, pereikite palaipsniui.<\/p>\n<p><strong>Per\u0117jimas jautriems \u0161unims<\/strong><\/p>\n<p>Jei maitinate sausu arba i\u0161spaustu maistu: Dry BARF \u012fd\u0117kite nedideliais kiekiais pusry\u010di\u0173 metu, o kit\u0105 maist\u0105 t\u0119skite sausu maistu. Kiek\u012f didinkite kas 2-3 dienas, kol pa\u0161aras visi\u0161kai pasikeis.<br \/>\nJei maitinate nat\u016braliu maistu (BARF arba termi\u0161kai apdorotu): Dry BARF galite mai\u0161yti su \u012fprastu maistu nuo pirmos dienos ir palaipsniui didinti proporcij\u0105.<br \/>\nSvarbu: Niekada nemai\u0161ykite pa\u0161ar\u0173 ir Dry BARF tame pa\u010diame valgyje.<\/p>\n<p><strong>Per\u0117jimas \u0161unims, kuri\u0173 vir\u0161kinimas geras<\/strong><\/p>\n<p>Jei maitinate sausu ar i\u0161spaustu maistu: prad\u0117kite nuo Dry BARF pusry\u010di\u0173 metu ir t\u0119skite nuo sauso maisto kit\u0173 valgi\u0173 metu. Padidinkite kiek\u012f kas 2-3 dienas, kol visi\u0161kai pakeisite.<br \/>\nJei maitinate nat\u016braliu maistu (BARF arba termi\u0161kai apdorotu): Galite atlikti laipsni\u0161k\u0105 arba tiesiogin\u012f pakeitim\u0105 be problem\u0173.<br \/>\nPaskutin\u0117s rekomendacijos<\/p>\n<p>\u2714\ufe0f Steb\u0117kite savo \u0161uns tolerancij\u0105.<br \/>\n\u2714\ufe0fJei abejojate, i\u0161 prad\u017ei\u0173 \u012fd\u0117kite Dry BARF vien\u0105 kart\u0105.<br \/>\n\u2714\ufe0fNemai\u0161ykite Dry BARF su sausu maistu tame pa\u010diame valgyje.<br \/>\n\u2714\ufe0fPritaikykite proces\u0105 prie savo \u0161uns tempo, kad per\u0117jimas b\u016bt\u0173 s\u0117kmingas.<\/p>\n<p><strong>Konservavimas ir formatas<\/strong><\/p>\n<p><strong>Laikymas be \u0161aldytuvo:<\/strong> d\u017eiovinimas ore nat\u016braliai prailgina galiojimo laik\u0105.<br \/>\n<strong>V\u0117sioje, sausoje vietoje:<\/strong> Mai\u0161el\u012f laikykite sandariai u\u017edaryt\u0105, apsaugot\u0105 nuo tiesiogini\u0173 saul\u0117s spinduli\u0173.<br \/>\n<strong>Tinkamumo laikas:<\/strong> atidarius, produktas galioja iki nurodytos datos, jei jis tinkamai laikomas.<br \/>\nDaugkartinio naudojimo mai\u0161elis su u\u017etrauktuku: leid\u017eia atidaryti ir u\u017edaryti tiek kart\u0173, kiek reikia, i\u0161laikant \u0161vie\u017eum\u0105.<\/p>\n<p><strong>Kiek laiko tarnauja atidarytas mai\u0161elis?<\/strong><br \/>\nIki nurodytos datos, jei tinkamai laikomas.<\/p>\n<p><strong>Ar galiu j\u012f mai\u0161yti su \u0161aldytu barfu ar termi\u0161kai apdorotu maistu?<\/strong><br \/>\nTaip, daugelis d\u0117stytoj\u0173 be problem\u0173 kei\u010dia parinktis.<\/p>\n<p><strong>Kiek laiko jis i\u0161lieka hidratuotas?<\/strong><br \/>\nRekomenduojama suvartoti nedelsiant. Jei liko liku\u010di\u0173, laikykite \u0161aldytuve 12-24 valandas sandariame inde.<\/p>\n<p><strong>Ar galiu j\u012f naudoti kaip u\u017ekand\u012f ar u\u017ekand\u012f?<\/strong><br \/>\nTaip, jis taip pat gali b\u016bti naudojamas norint pagerinti kitus patiekalus arba kaip atlyg\u012f.<\/p>\n<p><strong>Ar sausas barf tinka alergi\u0161kiems ar netoleruojantiems \u0161unims?<\/strong><br \/>\nTaip, kadangi jame n\u0117ra monoprotein\u0173 ir gr\u016bd\u0173, jis idealiai tinka jautriems \u0161unims.<\/p>\n<p><strong>Ar sausas barf tinka vyresnio am\u017eiaus \u0161unims?<\/strong><br \/>\nD\u0117l didelio vir\u0161kinamumo ir hidratacijos savybi\u0173 jis idealiai tinka vyresniems \u0161unims.<\/p>\n<p><strong>Ar sausai u\u017eplikyta, laisvai laikoma vi\u0161tiena padeda gerinti burnos sveikat\u0105?<\/strong><br \/>\nKadangi sud\u0117tyje n\u0117ra rafinuot\u0173 angliavandeni\u0173, jis suma\u017eina dant\u0173 akmen\u0173 susidarym\u0105 ir gerina burnos sveikat\u0105.<\/p>\n<p><strong>Ar galiu tame pa\u010diame valgyje mai\u0161yti saus\u0105 braf\u0105 su pa\u0161arais?<\/strong><br \/>\nNerekomenduojama, nes j\u0173 vir\u0161kinimo laikas skiriasi.<\/p>\n<p><strong>Kaip su\u017einoti, ar duodu jam reikiam\u0105 sum\u0105?<\/strong><br \/>\nJei j\u016bs\u0173 vaikas i\u0161laiko stabil\u0173 svor\u012f, yra aktyvus, turi blizgant\u012f kail\u012f ir kompakti\u0161kos i\u0161matos, kiekis yra pakankamas.<\/p>\n<p><strong>Nat\u016brali mityba sveikam gyvenimui<\/strong><\/p>\n<p>Suteikite savo \u0161uniui visavert\u0119, sveik\u0105 ir skani\u0105 diet\u0105 su Dry BARF Free-Range Chicken. Jo formul\u0117 be gr\u016bd\u0173, kuri\u0105 sudaro 90 % \u0161vie\u017eios vi\u0161tienos ir 10 % vaisi\u0173 bei dar\u017eovi\u0173, yra puikus pasirinkimas ie\u0161kantiems prakti\u0161kos ir subalansuotos BARF dietos.<\/p>\n<p><strong>Pakeiskite jau \u0161iandien!<\/strong><\/p>\n<p><strong>Suteikite savo \u0161uniui maist\u0105, kurio jis nusipeln\u0117, naudodami Mr. Bones Free Range Chicken Dry BARF ir pamatysite, kaip pager\u0117ja jo gyvybingumas, vir\u0161kinimas ir bendra sveikata.<\/strong><\/p>\n<p>&nbsp;<\/p>\n<\/div>\n<\/div>\n<\/div>\n<section class=\"related products\">\n<div class=\"fusion-product-wrapper\">\n<div class=\"featured-image crossfade-images\"><\/div>\n<div class=\"fusion-product-content\">\n<div class=\"product-details\">\n<div class=\"product-details-container\"><\/div>\n<\/div>\n<div class=\"product-buttons\">\n<div class=\"product-buttons-container clearfix\"><\/div>\n<\/div>\n<\/div>\n<\/div>\n<\/section>","protected":false},"excerpt":{"rendered":"<p>BARF maistas<\/p>","protected":false},"featured_media":2676,"comment_status":"open","ping_status":"closed","template":"","meta":{"_gspb_post_css":""},"product_brand":[110],"product_cat":[21,78,24],"product_tag":[],"class_list":{"0":"post-2673","1":"product","2":"type-product","3":"status-publish","4":"has-post-thumbnail","6":"product_brand-mr-bones","7":"product_cat-akcijos","8":"product_cat-pasarai","9":"product_cat-visi-produktai","11":"first","12":"instock","13":"sale","14":"shipping-taxable","15":"purchasable","16":"product-type-variable"},"ct_brands":[{"id":110,"name":"Mr.Bones","slug":"mr-bones"}],"_links":{"self":[{"href":"https:\/\/baltukas.lt\/en\/wp-json\/wp\/v2\/product\/2673","targetHints":{"allow":["GET"]}}],"collection":[{"href":"https:\/\/baltukas.lt\/en\/wp-json\/wp\/v2\/product"}],"about":[{"href":"https:\/\/baltukas.lt\/en\/wp-json\/wp\/v2\/types\/product"}],"replies":[{"embeddable":true,"href":"https:\/\/baltukas.lt\/en\/wp-json\/wp\/v2\/comments?post=2673"}],"wp:featuredmedia":[{"embeddable":true,"href":"https:\/\/baltukas.lt\/en\/wp-json\/wp\/v2\/media\/2676"}],"wp:attachment":[{"href":"https:\/\/baltukas.lt\/en\/wp-json\/wp\/v2\/media?parent=2673"}],"wp:term":[{"taxonomy":"product_brand","embeddable":true,"href":"https:\/\/baltukas.lt\/en\/wp-json\/wp\/v2\/product_brand?post=2673"},{"taxonomy":"product_cat","embeddable":true,"href":"https:\/\/baltukas.lt\/en\/wp-json\/wp\/v2\/product_cat?post=2673"},{"taxonomy":"product_tag","embeddable":true,"href":"https:\/\/baltukas.lt\/en\/wp-json\/wp\/v2\/product_tag?post=2673"}],"curies":[{"name":"wp","href":"https:\/\/api.w.org\/{rel}","templated":true}]}}