{"id":2073,"date":"2025-01-30T01:37:12","date_gmt":"2025-01-29T23:37:12","guid":{"rendered":"https:\/\/baltukas.lt\/?post_type=product&#038;p=2073"},"modified":"2026-05-07T16:21:50","modified_gmt":"2026-05-07T13:21:50","slug":"mr-bones-atlanto-anciuviai-naturalus-priedas-papildas-sunims","status":"publish","type":"product","link":"https:\/\/baltukas.lt\/en\/product\/mr-bones-atlanto-anciuviai-naturalus-priedas-papildas-sunims\/","title":{"rendered":"Mr.Bones Atlantic Anchovies \u2013 a natural supplement for dogs"},"content":{"rendered":"<p>Our supplement is a great tasting chip to mix or sprinkle into your dog or cat's food if they are gourmets or if you want to enrich or make their menu more appealing.<\/p>\n<p><img loading=\"lazy\" decoding=\"async\" class=\"alignnone size-medium wp-image-2074\" src=\"https:\/\/baltukas.lt\/wp-content\/uploads\/2025\/01\/Topper-Boquer\u00a2n-atl\u2020ntico-complemento-natural-mrbones-1-300x95.png\" alt=\"\" width=\"300\" height=\"95\" srcset=\"https:\/\/baltukas.lt\/wp-content\/uploads\/2025\/01\/Topper-Boquer\u00a2n-atl\u2020ntico-complemento-natural-mrbones-1-300x95.png 300w, https:\/\/baltukas.lt\/wp-content\/uploads\/2025\/01\/Topper-Boquer\u00a2n-atl\u2020ntico-complemento-natural-mrbones-1-1024x323.png 1024w, https:\/\/baltukas.lt\/wp-content\/uploads\/2025\/01\/Topper-Boquer\u00a2n-atl\u2020ntico-complemento-natural-mrbones-1-768x242.png 768w, https:\/\/baltukas.lt\/wp-content\/uploads\/2025\/01\/Topper-Boquer\u00a2n-atl\u2020ntico-complemento-natural-mrbones-1-1536x484.png 1536w, https:\/\/baltukas.lt\/wp-content\/uploads\/2025\/01\/Topper-Boquer\u00a2n-atl\u2020ntico-complemento-natural-mrbones-1-2048x646.png 2048w, https:\/\/baltukas.lt\/wp-content\/uploads\/2025\/01\/Topper-Boquer\u00a2n-atl\u2020ntico-complemento-natural-mrbones-1-500x158.png 500w\" sizes=\"auto, (max-width: 300px) 100vw, 300px\" \/><\/p>\n<p>Packaging: 1 jar of 100 grams<\/p>\n<p class=\"translation-block\">Natural supplement for dogs and cats\nUse mixed or sprinkled on food or sniffing mat\nGreat taste. Make your menu irresistible\nGranulated texture suitable for dogs and cats of all sizes\n100% natural. No grains, preservatives or additives\nPackaged in a glass jar for convenient and optimal preservation\nA wooden spoon is included for easier sprinkling<\/p>\n<p>This way, Atlantic Anchovy Toppers become a natural and healthy addition for your dog or cat, as they preserve all the nutrients, aromas and flavors. Your furry friend won't be able to resist!<\/p>\n<p class=\"translation-block\">How to use our supplements\nEnrich and supplement your dog or cat's diet by mixing or sprinkling Atlantic anchovies on their food, wet food or BARF. They are very tasty, so you only need a small amount to make your furry friend's meal irresistible. Especially suitable for gourmet dogs or cats.<\/p>\n<p>Sprinkle them on the LickiMat\u00ae olfactory mat as well. Moisten the mat with a little water, kefir, cream, broth or any other liquid or viscous product, then sprinkle the anchovy topping on top and enjoy!<\/p>\n<p>The wooden spoon inside each jar makes the spraying process very simple.<\/p>\n<p>\u017daliava i\u0161 vietini\u0173 \u017evej\u0173 ir gamintoj\u0173<br \/>\nAn\u010diuvius gauname i\u0161 vietini\u0173 \u017evej\u0173 ir gamintoj\u0173. An\u010diuviai, naudojami an\u010diuviams gaminti, yra i\u0161 Atlanto vandenyno, ypa\u010d i\u0161 \u017evejybos rajon\u0173 netoli Huelvos.<\/p>\n<p>Additionally, by working with local fishermen and producers, we help reduce our carbon footprint.<\/p>","protected":false},"excerpt":{"rendered":"<p><img loading=\"lazy\" decoding=\"async\" class=\"alignnone wp-image-20239 size-full\" src=\"https:\/\/mrbones.es\/wp-content\/uploads\/2020\/03\/iconos-raw-treats-pescado.jpg\" alt=\"\" width=\"426\" height=\"119\" \/><\/p>\n<p>Our supplement is a great tasting chip to mix or sprinkle into your dog or cat's food if they are gourmets or if you want to enrich or make their menu more appealing.<\/p>\n<p>Packaging: 1 jar | 100 grams<\/p>\n<p class=\"translation-block\">Natural supplement for dogs and cats\nUse mixed or sprinkled on food or sniffing mat\nGreat taste. Make your menu irresistible\nGranulated texture suitable for dogs and cats of all sizes\n100% natural. No grains, preservatives or additives\nPackaged in a glass jar for convenient and optimal preservation\nA wooden spoon is included for easier sprinkling<\/p>","protected":false},"featured_media":2082,"comment_status":"open","ping_status":"closed","template":"","meta":{"_gspb_post_css":""},"product_brand":[110],"product_cat":[111,21,32,20,24],"product_tag":[],"class_list":{"0":"post-2073","1":"product","2":"type-product","3":"status-publish","4":"has-post-thumbnail","6":"product_brand-mr-bones","7":"product_cat-katems","8":"product_cat-akcijos","9":"product_cat-papildai","10":"product_cat-skanestai","11":"product_cat-visi-produktai","13":"first","14":"instock","15":"sale","16":"shipping-taxable","17":"purchasable","18":"product-type-simple"},"ct_brands":[{"id":110,"name":"Mr.Bones","slug":"mr-bones"}],"_links":{"self":[{"href":"https:\/\/baltukas.lt\/en\/wp-json\/wp\/v2\/product\/2073","targetHints":{"allow":["GET"]}}],"collection":[{"href":"https:\/\/baltukas.lt\/en\/wp-json\/wp\/v2\/product"}],"about":[{"href":"https:\/\/baltukas.lt\/en\/wp-json\/wp\/v2\/types\/product"}],"replies":[{"embeddable":true,"href":"https:\/\/baltukas.lt\/en\/wp-json\/wp\/v2\/comments?post=2073"}],"wp:featuredmedia":[{"embeddable":true,"href":"https:\/\/baltukas.lt\/en\/wp-json\/wp\/v2\/media\/2082"}],"wp:attachment":[{"href":"https:\/\/baltukas.lt\/en\/wp-json\/wp\/v2\/media?parent=2073"}],"wp:term":[{"taxonomy":"product_brand","embeddable":true,"href":"https:\/\/baltukas.lt\/en\/wp-json\/wp\/v2\/product_brand?post=2073"},{"taxonomy":"product_cat","embeddable":true,"href":"https:\/\/baltukas.lt\/en\/wp-json\/wp\/v2\/product_cat?post=2073"},{"taxonomy":"product_tag","embeddable":true,"href":"https:\/\/baltukas.lt\/en\/wp-json\/wp\/v2\/product_tag?post=2073"}],"curies":[{"name":"wp","href":"https:\/\/api.w.org\/{rel}","templated":true}]}}