{"id":2064,"date":"2025-01-30T01:25:25","date_gmt":"2025-01-29T23:25:25","guid":{"rendered":"https:\/\/baltukas.lt\/?post_type=product&#038;p=2064"},"modified":"2025-09-16T20:48:30","modified_gmt":"2025-09-16T17:48:30","slug":"mr-bones-elnio-ragas-naturalus-kramtomasis","status":"publish","type":"product","link":"https:\/\/baltukas.lt\/en\/product\/mr-bones-elnio-ragas-naturalus-kramtomasis\/","title":{"rendered":"Mr.Bones elnio ragas \u2013 nat\u016bralus kramtomasis \u017eaislas"},"content":{"rendered":"<p><strong>Mr.Bones elnio ragas \u2013 nat\u016bralus kramtomasis \u017eaislas<\/strong><\/p>\n<p>Elnio ragai idealiai tinka kaip nat\u016bral\u016bs \u0161un\u0173 kramtymo \u017eaislai, nes jie neskilin\u0117ja, yra tvirti ir patvar\u016bs.<\/p>\n<p>Deer antlers are rich in calcium, phosphorus, and minerals, and chewing them will keep our dog's teeth healthy, strong, and clean.<\/p>\n<p>Deer antlers are a great chew toy for dogs who tend to chew things, as they are a safe and healthy way to satisfy their natural chewing instinct. They are also a great ally in combating stress and boredom.<\/p>\n<p>Deer antlers are harvested from the forest when they molt. This is a natural process of antler shedding that occurs once a year, making them a 100% natural chew toy and a healthy and sustainable alternative to synthetic or plastic chew toys.<\/p>\n<p><img loading=\"lazy\" decoding=\"async\" class=\"alignnone wp-image-20261 size-full\" src=\"https:\/\/mrbones.es\/wp-content\/uploads\/2020\/03\/iconos-fosforo-calcio.jpg\" alt=\"\" width=\"433\" height=\"119\" \/><\/p>\n<p>Composition: 100% deer antlers<\/p>\n<p>S dydis: 40-75g | 12-14 cm ilgio ir 2-2,5 cm<br \/>\nM dydis: 76-150g | 16-18 cm ilgio ir 2,5-3 cm skersmens<\/p>","protected":false},"excerpt":{"rendered":"<p>Mr.Bones 100% nat\u016bralus \u0161un\u0173 kramtomas \u017eaislas<\/p>\n<p>&nbsp;<\/p>","protected":false},"featured_media":2065,"comment_status":"open","ping_status":"closed","template":"","meta":{"_gspb_post_css":""},"product_brand":[110],"product_cat":[24,20,49],"product_tag":[],"class_list":{"0":"post-2064","1":"product","2":"type-product","3":"status-publish","4":"has-post-thumbnail","6":"product_brand-mr-bones","7":"product_cat-visi-produktai","8":"product_cat-skanestai","9":"product_cat-zaislai","11":"first","12":"instock","13":"shipping-taxable","14":"purchasable","15":"product-type-variable"},"ct_brands":[{"id":110,"name":"Mr.Bones","slug":"mr-bones"}],"_links":{"self":[{"href":"https:\/\/baltukas.lt\/en\/wp-json\/wp\/v2\/product\/2064","targetHints":{"allow":["GET"]}}],"collection":[{"href":"https:\/\/baltukas.lt\/en\/wp-json\/wp\/v2\/product"}],"about":[{"href":"https:\/\/baltukas.lt\/en\/wp-json\/wp\/v2\/types\/product"}],"replies":[{"embeddable":true,"href":"https:\/\/baltukas.lt\/en\/wp-json\/wp\/v2\/comments?post=2064"}],"wp:featuredmedia":[{"embeddable":true,"href":"https:\/\/baltukas.lt\/en\/wp-json\/wp\/v2\/media\/2065"}],"wp:attachment":[{"href":"https:\/\/baltukas.lt\/en\/wp-json\/wp\/v2\/media?parent=2064"}],"wp:term":[{"taxonomy":"product_brand","embeddable":true,"href":"https:\/\/baltukas.lt\/en\/wp-json\/wp\/v2\/product_brand?post=2064"},{"taxonomy":"product_cat","embeddable":true,"href":"https:\/\/baltukas.lt\/en\/wp-json\/wp\/v2\/product_cat?post=2064"},{"taxonomy":"product_tag","embeddable":true,"href":"https:\/\/baltukas.lt\/en\/wp-json\/wp\/v2\/product_tag?post=2064"}],"curies":[{"name":"wp","href":"https:\/\/api.w.org\/{rel}","templated":true}]}}