{"id":1922,"date":"2025-01-27T00:19:40","date_gmt":"2025-01-26T22:19:40","guid":{"rendered":"https:\/\/baltukas.lt\/?post_type=product&#038;p=1922"},"modified":"2026-05-07T16:41:58","modified_gmt":"2026-05-07T13:41:58","slug":"mr-bones-dziovintas-jautienos-raw-skanestas","status":"publish","type":"product","link":"https:\/\/baltukas.lt\/en\/product\/mr-bones-dziovintas-jautienos-raw-skanestas\/","title":{"rendered":"Mr.Bones d\u017eiovintas jautienos RAW nat\u016bralus skan\u0117stas"},"content":{"rendered":"<p><strong>Mr.Bones d\u017eiovintas jautienos RAW nat\u016bralus skan\u0117stas<\/strong><\/p>\n<p class=\"translation-block\">Snack for dogs and cats of all sizes\nA light snack. Low hardness. Ideal for those starting with natural snacks.\nCut into small pieces\nUse as a natural prize or snack\n100% natural snack. No grains, preservatives or additives\nZipper bag for easy and optimal storage<\/p>\n<p class=\"translation-block\">Raw beef treats. Natural snack for dogs and cats. How to use them?\nRaw beef treats are a natural snack for dogs and cats. Ideal as a natural reward or snack.\nYou can also use them for sniffing games or as a treat for your dog or cat.<\/p>\n<p>Raw beef tenderloin is a light and very tasty snack. They are cut into small pieces, so they are highly recommended for those who are just starting to explore the world of natural snacks.<\/p>\n<p><img loading=\"lazy\" decoding=\"async\" class=\"alignnone size-medium wp-image-1928\" src=\"https:\/\/baltukas.lt\/wp-content\/uploads\/2025\/01\/raw-treats-aguja-ternera-snacks-mrbones--300x104.png\" alt=\"\" width=\"300\" height=\"104\" srcset=\"https:\/\/baltukas.lt\/wp-content\/uploads\/2025\/01\/raw-treats-aguja-ternera-snacks-mrbones--300x104.png 300w, https:\/\/baltukas.lt\/wp-content\/uploads\/2025\/01\/raw-treats-aguja-ternera-snacks-mrbones--1024x354.png 1024w, https:\/\/baltukas.lt\/wp-content\/uploads\/2025\/01\/raw-treats-aguja-ternera-snacks-mrbones--768x266.png 768w, https:\/\/baltukas.lt\/wp-content\/uploads\/2025\/01\/raw-treats-aguja-ternera-snacks-mrbones--1536x532.png 1536w, https:\/\/baltukas.lt\/wp-content\/uploads\/2025\/01\/raw-treats-aguja-ternera-snacks-mrbones--2048x709.png 2048w, https:\/\/baltukas.lt\/wp-content\/uploads\/2025\/01\/raw-treats-aguja-ternera-snacks-mrbones--500x173.png 500w\" sizes=\"auto, (max-width: 300px) 100vw, 300px\" \/><\/p>\n<p class=\"translation-block\">Learn how our raw beef treats are made\nWe carefully select the raw material, always of the highest quality, which is then cut into small pieces and air-dried at low temperatures to gradually remove moisture and extend its shelf life. This way they become a natural and healthy snack for your furry friend, as they retain all the nutrients, aromas and flavors. Your dog or cat won't be able to resist! It's that simple. It's that natural.<\/p>\n<p class=\"translation-block\">Raw materials from local farmers and producers\nWe source our raw materials from local farmers and producers. The beef used to make our raw beef treats comes from the province of Salamanca and north of Extremadura and has spent most of its life grazing on natural pastures.<\/p>\n<p>Additionally, by working with local manufacturers, we help reduce our carbon footprint.<\/p>\n<p class=\"translation-block\">Ingredients and preservation\nThanks to the zip-lock packaging, you can open and close the bag as many times as you want, so the snack will be in perfect condition.<\/p>\n<p>This snack is also suitable for cats. They love it!<\/p>\n<p>We recommend this natural treat for dogs and cats of all breeds and ages.<\/p>\n<p>Composition:<br \/>\n100% jautiena<\/p>\n<p class=\"translation-block\">Analytical Composition\nProtein: 66%\nFat: 17%\nCellulose: 1%\nMoisture: 9%<\/p>\n<p><img loading=\"lazy\" decoding=\"async\" class=\"alignnone wp-image-20240 size-full\" src=\"https:\/\/mrbones.es\/wp-content\/uploads\/2020\/03\/iconos-raw-treats-ternera.jpg\" alt=\"\" width=\"426\" height=\"119\" \/><\/p>","protected":false},"excerpt":{"rendered":"<p><img loading=\"lazy\" decoding=\"async\" class=\"alignnone wp-image-20240 size-full\" src=\"https:\/\/mrbones.es\/wp-content\/uploads\/2020\/03\/iconos-raw-treats-ternera.jpg\" alt=\"\" width=\"426\" height=\"119\" \/><\/p>\n<p>Raw beef treats are a natural snack for dogs and cats. Ideal as a natural reward or snack.<\/p>\n<p>You can also use it for sniffing games or as a treat for your dog.<\/p>\n<p class=\"translation-block\">Packaging: 1 bag | 45 grams<\/p>\n<p>&nbsp;<\/p>","protected":false},"featured_media":1927,"comment_status":"open","ping_status":"closed","template":"","meta":{"_gspb_post_css":""},"product_brand":[110],"product_cat":[24,21,20],"product_tag":[135],"class_list":{"0":"post-1922","1":"product","2":"type-product","3":"status-publish","4":"has-post-thumbnail","6":"product_brand-mr-bones","7":"product_cat-visi-produktai","8":"product_cat-akcijos","9":"product_cat-skanestai","10":"product_tag-mr-bones-dziovintas-jautienos-raw-naturalus-skanestas","12":"first","13":"instock","14":"sale","15":"shipping-taxable","16":"purchasable","17":"product-type-simple"},"ct_brands":[{"id":110,"name":"Mr.Bones","slug":"mr-bones"}],"_links":{"self":[{"href":"https:\/\/baltukas.lt\/en\/wp-json\/wp\/v2\/product\/1922","targetHints":{"allow":["GET"]}}],"collection":[{"href":"https:\/\/baltukas.lt\/en\/wp-json\/wp\/v2\/product"}],"about":[{"href":"https:\/\/baltukas.lt\/en\/wp-json\/wp\/v2\/types\/product"}],"replies":[{"embeddable":true,"href":"https:\/\/baltukas.lt\/en\/wp-json\/wp\/v2\/comments?post=1922"}],"wp:featuredmedia":[{"embeddable":true,"href":"https:\/\/baltukas.lt\/en\/wp-json\/wp\/v2\/media\/1927"}],"wp:attachment":[{"href":"https:\/\/baltukas.lt\/en\/wp-json\/wp\/v2\/media?parent=1922"}],"wp:term":[{"taxonomy":"product_brand","embeddable":true,"href":"https:\/\/baltukas.lt\/en\/wp-json\/wp\/v2\/product_brand?post=1922"},{"taxonomy":"product_cat","embeddable":true,"href":"https:\/\/baltukas.lt\/en\/wp-json\/wp\/v2\/product_cat?post=1922"},{"taxonomy":"product_tag","embeddable":true,"href":"https:\/\/baltukas.lt\/en\/wp-json\/wp\/v2\/product_tag?post=1922"}],"curies":[{"name":"wp","href":"https:\/\/api.w.org\/{rel}","templated":true}]}}