{"id":1582,"date":"2024-08-07T14:11:05","date_gmt":"2024-08-07T11:11:05","guid":{"rendered":"https:\/\/baltukas.lt\/?post_type=product&#038;p=1582"},"modified":"2025-11-17T15:43:47","modified_gmt":"2025-11-17T13:43:47","slug":"brightworks-kailio-augimo-pursiklis","status":"publish","type":"product","link":"https:\/\/baltukas.lt\/en\/product\/brightworks-kailio-augimo-pursiklis\/","title":{"rendered":"BRIGHTWORKS COAT GROWTH SPRAY"},"content":{"rendered":"<p class=\"translation-block\">\u0160is pur\u0161kalas yra pur\u0161kiamas, nepaliekantis liku\u010di\u0173, be liku\u010di\u0173 ir turintis chinino.<br>\r\nChininas turi daug nuostabi\u0173 savybi\u0173, ta\u010diau naudojamas gydant plauk\u0173 slinkim\u0105, jis veiksmingai aktyvina krauj\u0105  mikrocirkuliacij\u0105 ir stimuliuoja plauk\u0173 folikulus. Tai padidina plauk\u0173 augim\u0105 ir stiprum\u0105.<\/p>\n<p class=\"translation-block\">Directions for use:\nFor best results, massage into SKIN twice daily (or as often as needed).\nSuitable for ALL CALM TYPES<\/p>\n<p>Other related products: Coat Growth Shampoo, Coat Growth Conditioner<\/p>","protected":false},"excerpt":{"rendered":"<p>This spray is a spray that leaves no residue<\/p>","protected":false},"featured_media":1583,"comment_status":"open","ping_status":"closed","template":"","meta":{"_gspb_post_css":""},"product_brand":[22],"product_cat":[24,19,107,94],"product_tag":[],"class_list":{"0":"post-1582","1":"product","2":"type-product","3":"status-publish","4":"has-post-thumbnail","6":"product_brand-brightworks","7":"product_cat-visi-produktai","8":"product_cat-maudynems-ir-prieziurai","9":"product_cat-purskikliai-ir-serumai","10":"product_cat-sunu-odos-ligos","12":"first","13":"instock","14":"shipping-taxable","15":"purchasable","16":"product-type-simple"},"ct_brands":[{"id":22,"name":"Brightworks","slug":"brightworks"}],"_links":{"self":[{"href":"https:\/\/baltukas.lt\/en\/wp-json\/wp\/v2\/product\/1582","targetHints":{"allow":["GET"]}}],"collection":[{"href":"https:\/\/baltukas.lt\/en\/wp-json\/wp\/v2\/product"}],"about":[{"href":"https:\/\/baltukas.lt\/en\/wp-json\/wp\/v2\/types\/product"}],"replies":[{"embeddable":true,"href":"https:\/\/baltukas.lt\/en\/wp-json\/wp\/v2\/comments?post=1582"}],"wp:featuredmedia":[{"embeddable":true,"href":"https:\/\/baltukas.lt\/en\/wp-json\/wp\/v2\/media\/1583"}],"wp:attachment":[{"href":"https:\/\/baltukas.lt\/en\/wp-json\/wp\/v2\/media?parent=1582"}],"wp:term":[{"taxonomy":"product_brand","embeddable":true,"href":"https:\/\/baltukas.lt\/en\/wp-json\/wp\/v2\/product_brand?post=1582"},{"taxonomy":"product_cat","embeddable":true,"href":"https:\/\/baltukas.lt\/en\/wp-json\/wp\/v2\/product_cat?post=1582"},{"taxonomy":"product_tag","embeddable":true,"href":"https:\/\/baltukas.lt\/en\/wp-json\/wp\/v2\/product_tag?post=1582"}],"curies":[{"name":"wp","href":"https:\/\/api.w.org\/{rel}","templated":true}]}}