{"id":1511,"date":"2024-07-15T14:10:35","date_gmt":"2024-07-15T11:10:35","guid":{"rendered":"https:\/\/baltukas.lt\/?post_type=product&#038;p=1511"},"modified":"2025-04-28T16:37:53","modified_gmt":"2025-04-28T13:37:53","slug":"brightworks-stay-put-30ml","status":"publish","type":"product","link":"https:\/\/baltukas.lt\/en\/product\/brightworks-stay-put-30ml\/","title":{"rendered":"Brightworks STAY PUT formavimo priemon\u0117"},"content":{"rendered":"<p><strong>Brightworks STAY PUT formavimo priemon\u0117 <\/strong><\/p>\n<p class=\"p1\"><span class=\"s1\">Brightworks STAY PUT formavimo gelis \u0161unims<\/span><\/p>\n<p class=\"p1\"><span class=\"s2\">Atraskite profesionali\u0105 kailio prie\u017ei\u016bros priemon\u0119 \u2013 <\/span><span class=\"s1\">Brightworks STAY PUT<\/span><span class=\"s2\">. Tai mink\u0161tas, akims saugus formavimo gelis, kuris i\u0161d\u017ei\u016bsta iki nat\u016braliai atrodan\u010dios, tvirtos, ta\u010diau elastingos tekst\u016bros.<\/span><\/p>\n<p class=\"p1\"><span class=\"s2\">Sukurtas auk\u0161\u010diausius standartus vertinantiems \u0161un\u0173 augintojams ir gro\u017eio specialistams, <\/span><span class=\"s1\">STAY PUT<\/span><span class=\"s2\"> idealiai tinka:<\/span><\/p>\n<ul>\n<li>\n<p class=\"p1\"><span class=\"s1\">Formuojant \u0161uniuk\u0173 vir\u0161utin\u012f kailiuk\u0105 ar tvarkant suaugusi\u0173 \u0161un\u0173 \u0161ukuosenas.<\/span><\/p>\n<\/li>\n<li>\n<p class=\"p1\"><span class=\"s1\">Stabilizuojant plaukus prie\u0161 kreidavim\u0105, ypa\u010d aplink p\u0117das (tobulas sprendimas haski\u0173, terjer\u0173 ir kit\u0173 veisli\u0173 parodoms).<\/span><\/p>\n<\/li>\n<li>\n<p class=\"p1\"><span class=\"s1\">Tvarkingai suri\u0161ant kail\u012f \u012f kasas ar kitas sud\u0117tingas \u0161ukuosenas.<\/span><\/p>\n<\/li>\n<\/ul>\n<p class=\"p1\"><span class=\"s1\">Privalumai:<\/span><\/p>\n<ul>\n<li>\n<p class=\"p1\"><span class=\"s1\">Akims saugi formul\u0117.<\/span><\/p>\n<\/li>\n<li>\n<p class=\"p1\"><span class=\"s1\">Nat\u016brali i\u0161vaizda \u2013 be dirbtinio blizgesio ar sukiet\u0117jimo efekto.<\/span><\/p>\n<\/li>\n<li>\n<p class=\"p1\"><span class=\"s1\">Tvirtas, bet lankstus laikymas vis\u0105 dien\u0105.<\/span><\/p>\n<\/li>\n<li>\n<p class=\"p1\"><span class=\"s1\">Lengvai nuplaunamas.<br \/>\n<\/span><\/p>\n<\/li>\n<\/ul>\n<p class=\"p1\"><span class=\"s2\">Pasirinkite <\/span><span class=\"s1\">Brightworks STAY PUT<\/span><span class=\"s2\"> \u2013 kai siekiate nepriekai\u0161tingos i\u0161vaizdos be kompromis\u0173.<br \/>\n<\/span>The soft eye-safe gel hardens to a dry, natural-looking finish.<\/p>\n<p>Use on husky feet etc. before chalking.<\/p>\n<p><strong>Kiekis:<\/strong> 30ml<\/p>","protected":false},"excerpt":{"rendered":"<p><strong>TOBULAS B\u016aDAS<\/strong> i\u0161laikyti tuos pasimetusius plaukus<br \/>\nTaip pat tinka ry\u0161ant kailiuk\u0105 \u012f kasas.<\/p>","protected":false},"featured_media":2756,"comment_status":"open","ping_status":"closed","template":"","meta":{"_gspb_post_css":""},"product_brand":[22],"product_cat":[24,19,107],"product_tag":[],"class_list":{"0":"post-1511","1":"product","2":"type-product","3":"status-publish","4":"has-post-thumbnail","6":"product_brand-brightworks","7":"product_cat-visi-produktai","8":"product_cat-maudynems-ir-prieziurai","9":"product_cat-purskikliai-ir-serumai","11":"first","12":"instock","13":"shipping-taxable","14":"purchasable","15":"product-type-simple"},"ct_brands":[{"id":22,"name":"Brightworks","slug":"brightworks"}],"_links":{"self":[{"href":"https:\/\/baltukas.lt\/en\/wp-json\/wp\/v2\/product\/1511","targetHints":{"allow":["GET"]}}],"collection":[{"href":"https:\/\/baltukas.lt\/en\/wp-json\/wp\/v2\/product"}],"about":[{"href":"https:\/\/baltukas.lt\/en\/wp-json\/wp\/v2\/types\/product"}],"replies":[{"embeddable":true,"href":"https:\/\/baltukas.lt\/en\/wp-json\/wp\/v2\/comments?post=1511"}],"wp:featuredmedia":[{"embeddable":true,"href":"https:\/\/baltukas.lt\/en\/wp-json\/wp\/v2\/media\/2756"}],"wp:attachment":[{"href":"https:\/\/baltukas.lt\/en\/wp-json\/wp\/v2\/media?parent=1511"}],"wp:term":[{"taxonomy":"product_brand","embeddable":true,"href":"https:\/\/baltukas.lt\/en\/wp-json\/wp\/v2\/product_brand?post=1511"},{"taxonomy":"product_cat","embeddable":true,"href":"https:\/\/baltukas.lt\/en\/wp-json\/wp\/v2\/product_cat?post=1511"},{"taxonomy":"product_tag","embeddable":true,"href":"https:\/\/baltukas.lt\/en\/wp-json\/wp\/v2\/product_tag?post=1511"}],"curies":[{"name":"wp","href":"https:\/\/api.w.org\/{rel}","templated":true}]}}