{"id":1404,"date":"2024-07-10T13:01:40","date_gmt":"2024-07-10T10:01:40","guid":{"rendered":"https:\/\/baltukas.lt\/?post_type=product&#038;p=1404"},"modified":"2026-02-26T06:21:16","modified_gmt":"2026-02-26T04:21:16","slug":"alpha-spirit-multiprotein-dregnas-multi-pasaras-sunims-200g","status":"publish","type":"product","link":"https:\/\/baltukas.lt\/en\/product\/alpha-spirit-multiprotein-dregnas-multi-pasaras-sunims-200g\/","title":{"rendered":"ALPHA SPIRIT MULTIPROTEIN Dr\u0117gnas Multi Pa\u0161aras \u0160unims 200g"},"content":{"rendered":"<p>Sud\u0117tis: \u0161vie\u017eios vi\u0161t\u0173 m\u0117sos 35%, \u0161vie\u017eios \u017euvies 20% (Apvalioji sardin\u0117l\u0117 (Sardinella aurita), skumbr\u0117 (Scomber scombrus), staurid\u0117s (Trachurus spp.), sardin\u0117 (Sardina pilchardus)), \u0161vie\u017eios kiauli\u0173 m\u0117sos 15%, \u0161vie\u017eios an\u010di\u0173 m\u0117sos 10%, \u0161vie\u017ei\u0173 kiauli\u0173 kepen\u0117li\u0173 5%, hidrolizuotas krakmolas, auglinis glicerinas (USP), kiau\u0161iniai, runkelio mink\u0161timas (Beta vulgaris), alaus mieli\u0173 (Saccharomyces cerevisiae) ekstraktas, moli\u016bgas, bananai, ananasai,  kuminas (Cuminum cyminum), \u0161alavijas (Salvia officinalis), ciber\u017eol\u0117 (Curcuma longa).<\/p>\n<p>Maistiniai priedai 1-ame kg: gele\u017eies 62mg, gliukozamino 3930mg, taurino 2680mg, Omega-3 polineso\u010diosios riebal\u0173 r\u016bg\u0161tys EPA+DHA 1790mg.<\/p>\n<p>Analitin\u0117s sudedamosios dalys: \u017eali\u0173 baltym\u0173 29%, \u017eali\u0173 riebal\u0173 15%, \u017ealios l\u0105stelienos 2%, \u017eali\u0173 pelen\u0173 7%, dr\u0117gnio 25%, kalcio 1,3%, fosforo 1,1%. Metabolizuojama energija: 3307kcal\/13837kJ. Visos analitin\u0117s sudedamosios dalys yra nat\u016bralios ir gaunamos i\u0161 \u017ealiav\u0173; jie nebuvo dirbtinai pridedami.<\/p>","protected":false},"excerpt":{"rendered":"<p>Tinka dres\u016brai<\/p>\n<p>Maitinimo informacija: Pa\u0161aras tinka vis\u0173 veisli\u0173 jauniems, suaugusiems ir seniems \u0161unims. Ypatinga pakuot\u0117: 200g d\u0117\u017eut\u0117 pakartotinai u\u017eklijuojama!!.<\/p>","protected":false},"featured_media":1405,"comment_status":"open","ping_status":"closed","template":"","meta":{"_gspb_post_css":""},"product_brand":[77],"product_cat":[21,78,20],"product_tag":[],"class_list":{"0":"post-1404","1":"product","2":"type-product","3":"status-publish","4":"has-post-thumbnail","6":"product_brand-alpha-spirit","7":"product_cat-akcijos","8":"product_cat-pasarai","9":"product_cat-skanestai","11":"first","12":"instock","13":"sale","14":"shipping-taxable","15":"purchasable","16":"product-type-simple"},"ct_brands":[{"id":77,"name":"Alpha spirit","slug":"alpha-spirit"}],"_links":{"self":[{"href":"https:\/\/baltukas.lt\/en\/wp-json\/wp\/v2\/product\/1404","targetHints":{"allow":["GET"]}}],"collection":[{"href":"https:\/\/baltukas.lt\/en\/wp-json\/wp\/v2\/product"}],"about":[{"href":"https:\/\/baltukas.lt\/en\/wp-json\/wp\/v2\/types\/product"}],"replies":[{"embeddable":true,"href":"https:\/\/baltukas.lt\/en\/wp-json\/wp\/v2\/comments?post=1404"}],"wp:featuredmedia":[{"embeddable":true,"href":"https:\/\/baltukas.lt\/en\/wp-json\/wp\/v2\/media\/1405"}],"wp:attachment":[{"href":"https:\/\/baltukas.lt\/en\/wp-json\/wp\/v2\/media?parent=1404"}],"wp:term":[{"taxonomy":"product_brand","embeddable":true,"href":"https:\/\/baltukas.lt\/en\/wp-json\/wp\/v2\/product_brand?post=1404"},{"taxonomy":"product_cat","embeddable":true,"href":"https:\/\/baltukas.lt\/en\/wp-json\/wp\/v2\/product_cat?post=1404"},{"taxonomy":"product_tag","embeddable":true,"href":"https:\/\/baltukas.lt\/en\/wp-json\/wp\/v2\/product_tag?post=1404"}],"curies":[{"name":"wp","href":"https:\/\/api.w.org\/{rel}","templated":true}]}}