{"id":1286,"date":"2024-06-19T13:49:23","date_gmt":"2024-06-19T10:49:23","guid":{"rendered":"https:\/\/baltukas.lt\/?post_type=product&#038;p=1286"},"modified":"2026-05-10T10:42:26","modified_gmt":"2026-05-10T07:42:26","slug":"yuup-universalus-visu-tipu-kailio-sampunas","status":"publish","type":"product","link":"https:\/\/baltukas.lt\/en\/product\/yuup-universalus-visu-tipu-kailio-sampunas\/","title":{"rendered":"Yuup! Universal shampoo for all coat types"},"content":{"rendered":"<p>Universal cleansing shampoo, designed for frequent use. Suitable for dogs and cats with any type and color of fur. Contains gentle and natural plant ingredients that cleanse and care for the fur. Aloe extract, white willow and propolis help regulate sebum production and have antiseptic, cleansing and refreshing properties. After use, the fur is clean, beautiful and fragrant. Easier to comb and looks healthy.<\/p>\n<p class=\"translation-block\">Directions for use:\nApply shampoo to damp coat, massage well, leave on for a while, then rinse thoroughly with warm water. Repeat if necessary.<\/p>\n<p>Composition:<br \/>\nvanduo (vanduo), magnio laureto sulfatas, dinatrio laureto sulfosucinatas, hidrolizuotas keratinas, laurdimonio hidroksipropilas, askorbilo palmitatas, pantenolis, tokoferilas, acetatas, alavijo lap\u0173 ekstraktas, salix alba, (gluosnio) chloro ekstraktas, kvaterolio \u017eiev\u0117s ekstraktas, kvaterolio \u017eiev\u0117s ekstraktas. io chloridas, natrio kokoilo glutamatas, natrio glutamatas, tetranatrio gliukamato diacetatas, fenoksietanolis, etilheksilglicerinas, benzilo alkoholis, linalolis, lomoneno citroneliolis, heksilo cinamono geranolis, kvapioji med\u017eiaga (kvapas), CI014914 CI014914<\/p>\n<p class=\"translation-block\">About the brand:<br>\nYuup! is an Italian brand of sensational cosmetics for pets, increasingly recognized and appreciated by groomers, breeders and customers worldwide. It has three product lines.<\/p>\n<p>1. Professional line \u2013 created for hairdressers and breeders who expect the best cosmetics and results.<\/p>\n<p>2. Home line \u2013 the highest quality cosmetics are produced for everyone looking for the best quality products at an affordable price. Perfect for home use.<\/p>\n<p>3. Show line \u2013 professional fur products, indispensable during exhibitions or performances. Here you will find perfumes, varnishes and other necessary products.<\/p>","protected":false},"excerpt":{"rendered":"<p>Universal cleansing shampoo, designed for frequent use. Suitable for dogs and cats with any type and color of fur. Contains gentle and natural plant ingredients that cleanse and care for the fur. Aloe extract, white willow and propolis help regulate sebum production and have antiseptic, cleansing and refreshing properties. After use, the fur is clean, beautiful and fragrant. Easier to comb and looks healthy.<\/p>","protected":false},"featured_media":1275,"comment_status":"open","ping_status":"closed","template":"","meta":{"_gspb_post_css":""},"product_brand":[56],"product_cat":[24,19,103],"product_tag":[34,57],"class_list":{"0":"post-1286","1":"product","2":"type-product","3":"status-publish","4":"has-post-thumbnail","6":"product_brand-yuup","7":"product_cat-visi-produktai","8":"product_cat-maudynems-ir-prieziurai","9":"product_cat-sampunai","10":"product_tag-sampunas","11":"product_tag-yuup","13":"first","14":"instock","15":"shipping-taxable","16":"purchasable","17":"product-type-simple"},"ct_brands":[{"id":56,"name":"Yuup","slug":"yuup"}],"_links":{"self":[{"href":"https:\/\/baltukas.lt\/en\/wp-json\/wp\/v2\/product\/1286","targetHints":{"allow":["GET"]}}],"collection":[{"href":"https:\/\/baltukas.lt\/en\/wp-json\/wp\/v2\/product"}],"about":[{"href":"https:\/\/baltukas.lt\/en\/wp-json\/wp\/v2\/types\/product"}],"replies":[{"embeddable":true,"href":"https:\/\/baltukas.lt\/en\/wp-json\/wp\/v2\/comments?post=1286"}],"wp:featuredmedia":[{"embeddable":true,"href":"https:\/\/baltukas.lt\/en\/wp-json\/wp\/v2\/media\/1275"}],"wp:attachment":[{"href":"https:\/\/baltukas.lt\/en\/wp-json\/wp\/v2\/media?parent=1286"}],"wp:term":[{"taxonomy":"product_brand","embeddable":true,"href":"https:\/\/baltukas.lt\/en\/wp-json\/wp\/v2\/product_brand?post=1286"},{"taxonomy":"product_cat","embeddable":true,"href":"https:\/\/baltukas.lt\/en\/wp-json\/wp\/v2\/product_cat?post=1286"},{"taxonomy":"product_tag","embeddable":true,"href":"https:\/\/baltukas.lt\/en\/wp-json\/wp\/v2\/product_tag?post=1286"}],"curies":[{"name":"wp","href":"https:\/\/api.w.org\/{rel}","templated":true}]}}