{"id":1277,"date":"2024-06-19T12:59:10","date_gmt":"2024-06-19T09:59:10","guid":{"rendered":"https:\/\/baltukas.lt\/?post_type=product&#038;p=1277"},"modified":"2025-01-22T18:34:22","modified_gmt":"2025-01-22T16:34:22","slug":"yuup-volumizing-thickening-spray-250ml-serumas","status":"publish","type":"product","link":"https:\/\/baltukas.lt\/en\/product\/yuup-volumizing-thickening-spray-250ml-serumas\/","title":{"rendered":"Yuup! Volumizing Thickening Spray 250ml"},"content":{"rendered":"<p>Yuup! Volumizing Thickening Spray is a unique product designed to treat thin, fragile and lifeless hair. This pearly, non-greasy and instantly absorbed serum contains a complex of ingredients that instantly moisturize, thicken the hair and give the coat the necessary volume.<\/p>\n<p>This professional spray is perfect for all hair types that need structure and volume. The main ingredients of the preparation are natural extracts of millet, grain, corn kernel and apricot oil, as well as enriched with quaternary keratin, creatine and vitamins C, E and panthenol. In addition, it contains mica, which gently reflects light, giving the coat a subtle, healthy and elegant glow. A beautiful, long-lasting preparation is an additional advantage.<\/p>\n<p>Active ingredients:<\/p>\n<p>Sor\u0173, jav\u0173, kukur\u016bz\u0173 branduoli\u0173 ekstraktai. \u0160iuose nat\u016braliuose ekstraktuose gausu maistini\u0173 med\u017eiag\u0173, kurios padeda sustiprinti kail\u012f ir suteikia blizgesio. Jie taip pat \u017einomi d\u0117l savo dr\u0117kinan\u010di\u0173 savybi\u0173, kurios padeda i\u0161laikyti kail\u012f sveik\u0105 ir blizgant\u012f.<br \/>\nAbrikos\u0173 aliejuje gausu vitamin\u0173 A ir E, kurie b\u016btini odos ir kailio sveikatai. Jis padeda dr\u0117kinti od\u0105, u\u017ekirsti keli\u0105 i\u0161saus\u0117jimui ir pleiskanojimui, suteikia kailiui \u0161velnumo ir blizgesio.<br \/>\nKetvirtinis keratinas yra keratino forma, kuri buvo modifikuota taip, kad lengviau \u012fsiskverbt\u0173 \u012f kail\u012f ir od\u0105. Padeda sustiprinti kail\u012f, pagerina jo elastingum\u0105 ir apsaugo nuo l\u016b\u017ein\u0117jimo.<br \/>\nKreatinas yra nat\u016brali aminor\u016bg\u0161tis, kuri padeda sustiprinti plauk\u0173 strukt\u016br\u0105, suteikiant apimties ir tankumo. Jis taip pat \u017einomas d\u0117l savo dr\u0117kinan\u010di\u0173 savybi\u0173, kurios padeda i\u0161laikyti kail\u012f sveik\u0105 ir blizgant\u012f.<br \/>\nVitaminai C, E ir pantenolis: \u0161ie vitaminai b\u016btini odos ir kailio sveikatai. Vitaminas C yra stiprus antioksidantas, padedantis apsaugoti od\u0105 ir kail\u012f nuo laisv\u0173j\u0173 radikal\u0173 daromos \u017ealos. Vitaminas E padeda dr\u0117kinti od\u0105 ir kail\u012f, u\u017ekertant keli\u0105 i\u0161saus\u0117jimui ir pleiskanojimui. Pantenolis, dar \u017einomas kaip provitaminas B5, padeda dr\u0117kinti od\u0105 ir kail\u012f, tod\u0117l jis tampa mink\u0161tas ir blizgus.<br \/>\nSerumo privalumai ploniems ir \u0161velniems plaukams Yuup! Apimt\u012f didinantis pur\u0161kalas:<\/p>\n<p class=\"translation-block\">thickens hair and adds volume<br>\ncares for and moisturizes the coat<br>\ndoes not weigh down the coat<br>\nnon-greasy texture<br>\nabsorbs quickly without leaving traces<br>\ngives a subtle, slightly pearlescent look<br>\nleaves a long-lasting scent<br>\nbased on natural extracts, quaternary keratin and vitamins<br>\ndoes not contain alcohol<\/p>","protected":false},"excerpt":{"rendered":"<p>A unique product for the care of thin, fragile and lifeless hair. This pearly, non-greasy and instantly absorbed serum contains a complex of ingredients that instantly moisturize, smooth the hair and give the hair the appropriate volume. Suitable for all types of hair that need structure and volume. Adds shine. Use - spray on damp hair, comb and dry against hair growth.<\/p>","protected":false},"featured_media":1268,"comment_status":"open","ping_status":"closed","template":"","meta":{"_gspb_post_css":""},"product_brand":[56],"product_cat":[24,19,107],"product_tag":[43,57],"class_list":{"0":"post-1277","1":"product","2":"type-product","3":"status-publish","4":"has-post-thumbnail","6":"product_brand-yuup","7":"product_cat-visi-produktai","8":"product_cat-maudynems-ir-prieziurai","9":"product_cat-purskikliai-ir-serumai","10":"product_tag-purskiklis","11":"product_tag-yuup","13":"first","14":"instock","15":"shipping-taxable","16":"purchasable","17":"product-type-simple"},"ct_brands":[{"id":56,"name":"Yuup","slug":"yuup"}],"_links":{"self":[{"href":"https:\/\/baltukas.lt\/en\/wp-json\/wp\/v2\/product\/1277","targetHints":{"allow":["GET"]}}],"collection":[{"href":"https:\/\/baltukas.lt\/en\/wp-json\/wp\/v2\/product"}],"about":[{"href":"https:\/\/baltukas.lt\/en\/wp-json\/wp\/v2\/types\/product"}],"replies":[{"embeddable":true,"href":"https:\/\/baltukas.lt\/en\/wp-json\/wp\/v2\/comments?post=1277"}],"wp:featuredmedia":[{"embeddable":true,"href":"https:\/\/baltukas.lt\/en\/wp-json\/wp\/v2\/media\/1268"}],"wp:attachment":[{"href":"https:\/\/baltukas.lt\/en\/wp-json\/wp\/v2\/media?parent=1277"}],"wp:term":[{"taxonomy":"product_brand","embeddable":true,"href":"https:\/\/baltukas.lt\/en\/wp-json\/wp\/v2\/product_brand?post=1277"},{"taxonomy":"product_cat","embeddable":true,"href":"https:\/\/baltukas.lt\/en\/wp-json\/wp\/v2\/product_cat?post=1277"},{"taxonomy":"product_tag","embeddable":true,"href":"https:\/\/baltukas.lt\/en\/wp-json\/wp\/v2\/product_tag?post=1277"}],"curies":[{"name":"wp","href":"https:\/\/api.w.org\/{rel}","templated":true}]}}