{"id":1130,"date":"2024-06-03T13:30:12","date_gmt":"2024-06-03T10:30:12","guid":{"rendered":"https:\/\/baltukas.lt\/?post_type=product&#038;p=1130"},"modified":"2026-05-03T19:27:13","modified_gmt":"2026-05-03T16:27:13","slug":"prabangus-drekinamasis-purskiklis","status":"publish","type":"product","link":"https:\/\/baltukas.lt\/en\/product\/prabangus-drekinamasis-purskiklis\/","title":{"rendered":"Brightworks Luxurious Leave In Hydrating Repair Spray"},"content":{"rendered":"<p class=\"p1\"><span class=\"s1\">Abrikos\u0173 aliejaus pur\u0161kiamasis kondicionierius \u2013 dr\u0117kinimui, apsaugai ir plauk\u0173 sveikatai<\/span><\/p>\n<p class=\"p1\"><span class=\"s2\">\u0160is <\/span><span class=\"s1\">pur\u0161kiamasis kondicionierius su abrikos\u0173 aliejumi<\/span><span class=\"s2\"> pasi\u017eymi <\/span><span class=\"s1\">raminamosiomis, atgaivinan\u010diomis ir gydomosiomis savyb\u0117mis<\/span><span class=\"s2\">, kurios padeda <\/span><span class=\"s1\">i\u0161lyginti ir sumink\u0161tinti plauk\u0173 folikulus<\/span><span class=\"s2\">, suteikdamos plaukams <\/span><span class=\"s1\">ne\u012ftik\u0117tin\u0105 \u0161velnum\u0105 ir blizges\u012f<\/span><span class=\"s2\">. Abrikos\u0173 aliejus, turintis didel\u012f kiek\u012f <\/span><span class=\"s1\">nepakei\u010diam\u0173 riebal\u0173 r\u016bg\u0161\u010di\u0173<\/span><span class=\"s2\"> (linoleumo, linoleno, palmitino, stearino ir oleino), yra puikus \u0161altinis plauk\u0173 sveikatai palaikyti. D\u0117l <\/span><span class=\"s1\">vitamin\u0173 A, C ir E<\/span><span class=\"s2\">, taip pat <\/span><span class=\"s1\">mineral\u0173<\/span><span class=\"s2\">, toki\u0173 kaip gele\u017eis, varis, kalcis, magnis ir kalis, \u0161is aliejus intensyviai maitina ir stiprina plaukus.<\/span><\/p>\n<p class=\"p1\"><span class=\"s2\">\u2714 <\/span><span class=\"s1\">Intensyviai dr\u0117kina ir maitina<\/span><span class=\"s2\"> \u2013 apr\u016bpina plaukus svarbiais vitaminais ir mineralais.<\/span><\/p>\n<p class=\"p1\"><span class=\"s2\">\u2714 <\/span><span class=\"s1\">I\u0161lygina plauk\u0173 folikulus<\/span><span class=\"s2\"> \u2013 suteikia \u0161velnumo, blizgesio ir nat\u016bralios apsaugos.<\/span><\/p>\n<p class=\"p1\"><span class=\"s2\">\u2714 <\/span><span class=\"s1\">Gydomosios savyb\u0117s<\/span><span class=\"s2\"> \u2013 atkuria ir apsaugo plauk\u0173 strukt\u016br\u0105, ma\u017eina pa\u017eeidimus.<\/span><\/p>\n<p class=\"p1\"><strong><span class=\"s1\">Usage:<\/span><\/strong><span class=\"s2\"> Purk\u0161kite ant \u0161lapi\u0173 arba saus\u0173 plauk\u0173, palikite ir m\u0117gaukit\u0117s nepriekai\u0161tingu rezultatu!<\/span><\/p>\n<p>200ML<\/p>","protected":false},"excerpt":{"rendered":"<p class=\"p1\"><span class=\"s1\">Intensively moisturizing spray conditioner with keratin<\/span><\/p>\n<p class=\"p1 translation-block\"><span class=\"s2\">This <\/span><span class=\"s1\">spray conditioner<\/span><span class=\"s2\"> is the ideal solution for hair care, as it can be used on both <\/span><span class=\"s1\">wet and dry hair. <\/span><span class=\"s1\">Intensively moisturizes, nourishes and strengthens<\/span><span class=\"s2\"> hair, giving it a healthy appearance and shine. <\/span><span class=\"s1\">Keratin<\/span><span class=\"s2\">deeply repairs damaged cuticles, strengthening hair structure and reducing breakage.<\/span><\/p>\n<p class=\"p1 translation-block\"><span class=\"s2\">\u2714 <\/span><span class=\"s1\">Deeply moisturizes and nourishes<\/span><span class=\"s2\"> \u2013 gives hair softness and elasticity.<\/span><\/p>\n<p class=\"p1 translation-block\"><span class=\"s2\">\u2714 <\/span><span class=\"s1\">Restores hair structure<\/span><span class=\"s2\"> \u2013 keratin helps restore damaged cuticles and strengthens hair.<\/span><\/p>\n<p class=\"p1 translation-block\"><span class=\"s2\">\u2714 <\/span><span class=\"s1\">Easy to use<\/span><span class=\"s2\"> \u2013 spray on wet or dry hair, leaves no heaviness or stickiness.<\/span><\/p>\n<p class=\"p1\"><span class=\"s1\">Usage:<\/span><span class=\"s2\"> Spray on damp or dry hair, comb through immediately and enjoy flawless results<br \/>\n<\/span><\/p>\n<p>200ml<\/p>","protected":false},"featured_media":393,"comment_status":"open","ping_status":"closed","template":"","meta":{"_gspb_post_css":""},"product_brand":[22],"product_cat":[24,19,107],"product_tag":[26,44,43],"class_list":{"0":"post-1130","1":"product","2":"type-product","3":"status-publish","4":"has-post-thumbnail","6":"product_brand-brightworks","7":"product_cat-visi-produktai","8":"product_cat-maudynems-ir-prieziurai","9":"product_cat-purskikliai-ir-serumai","10":"product_tag-brightworks","11":"product_tag-drekinamasis","12":"product_tag-purskiklis","14":"first","15":"onbackorder","16":"shipping-taxable","17":"purchasable","18":"product-type-simple"},"ct_brands":[{"id":22,"name":"Brightworks","slug":"brightworks"}],"_links":{"self":[{"href":"https:\/\/baltukas.lt\/en\/wp-json\/wp\/v2\/product\/1130","targetHints":{"allow":["GET"]}}],"collection":[{"href":"https:\/\/baltukas.lt\/en\/wp-json\/wp\/v2\/product"}],"about":[{"href":"https:\/\/baltukas.lt\/en\/wp-json\/wp\/v2\/types\/product"}],"replies":[{"embeddable":true,"href":"https:\/\/baltukas.lt\/en\/wp-json\/wp\/v2\/comments?post=1130"}],"wp:featuredmedia":[{"embeddable":true,"href":"https:\/\/baltukas.lt\/en\/wp-json\/wp\/v2\/media\/393"}],"wp:attachment":[{"href":"https:\/\/baltukas.lt\/en\/wp-json\/wp\/v2\/media?parent=1130"}],"wp:term":[{"taxonomy":"product_brand","embeddable":true,"href":"https:\/\/baltukas.lt\/en\/wp-json\/wp\/v2\/product_brand?post=1130"},{"taxonomy":"product_cat","embeddable":true,"href":"https:\/\/baltukas.lt\/en\/wp-json\/wp\/v2\/product_cat?post=1130"},{"taxonomy":"product_tag","embeddable":true,"href":"https:\/\/baltukas.lt\/en\/wp-json\/wp\/v2\/product_tag?post=1130"}],"curies":[{"name":"wp","href":"https:\/\/api.w.org\/{rel}","templated":true}]}}