{"id":39,"date":"2024-04-08T18:31:19","date_gmt":"2024-04-08T18:31:19","guid":{"rendered":"https:\/\/baltukas.lt\/?page_id=39"},"modified":"2025-02-11T13:01:56","modified_gmt":"2025-02-11T11:01:56","slug":"pirkimo-ir-grazinimo-informacija","status":"publish","type":"page","link":"https:\/\/baltukas.lt\/en\/pirkimo-ir-grazinimo-informacija\/","title":{"rendered":"Purchase and return information"},"content":{"rendered":"<p><strong>Redaguota ir galioja nuo: 2024-03-22<\/strong><\/p>\n\n\n\n<p><strong>\u0160iame dokumente yra apibr\u0117\u017eiamos \u012fmon\u0117s \u201eBaltukas\u201d svetain\u0117s https:\/\/www.baltukas.lt pirkimo ir gr\u0105\u017einimo informacija.<\/strong><\/p>\n\n\n\n<p>1. Bendrosios nuostatos<\/p>\n\n\n\n<p>\u0160ios pirkimo \u2013 pardavimo taisykl\u0117s (toliau \u2013 Taisykl\u0117s) nustato asmens, perkan\u010dio prekes&nbsp;baltukas.lt&nbsp;elektronin\u0117je parduotuv\u0117je (toliau \u2013 Pirk\u0117jas), ir&nbsp;baltukas.lt&nbsp;(toliau \u2013 Pardav\u0117jas) tarpusavio teises, pareigas ir atsakomyb\u0119, Pirk\u0117jui perkant prekes elektronin\u0117je parduotuv\u0117je. \u012esigydamas prekes elektronin\u0117je parduotuv\u0117je, Pirkejas sutinka su \u0161i\u0173 Taisykli\u0173 taikymu.&nbsp;<\/p>\n\n\n\n<p>2. Pirkimo ir pardavimo sutarties sudarymo momentas&nbsp;<\/p>\n\n\n\n<p>2.1. Pirkimo ir pardavimo sutartis tarp Pirk\u0117jo ir Pardav\u0117jo laikoma sudaryta nuo tada, kai Pirk\u0117jas sutinka su Taisykl\u0117mis ir paspaud\u017eia mygtuk\u0105 \u201cPatvirtinti u\u017esakym\u0105\u201d po preki\u0173 krep\u0161elio suformavimo, preki\u0173 pristatymo adreso nurodymo, ir mok\u0117jimo b\u016bdo pasirinkimo, ir galioja iki visi\u0161ko pareig\u0173 pagal \u0161i\u0105 sutart\u012f \u012fvykdymo. Jei Pirk\u0117jas nesutinka su dalimi ar visomis Taisykl\u0117mis, tokiu atveju Pirk\u0117jas netur\u0117t\u0173 pateikti u\u017esakymo, prie\u0161ingu atveju laikoma, kad Pirk\u0117jas susipa\u017eino ir sutiko su visomis Taisykl\u0117mis.&nbsp;<\/p>\n\n\n\n<p>3. Pirk\u0117jo teis\u0117s&nbsp;<\/p>\n\n\n\n<p>3.1. Pirk\u0117jas turi teis\u0119 pirkti prekes elektronin\u0117je parduotuv\u0117je pagal \u0161ias Taisykles.3.2. Pirk\u0117jas turi teis\u0119 atsisakyti preki\u0173 pirkimo \u2013 pardavimo sutarties su Pardav\u0117ju, i\u0161skyrus atvejus, kai sutartis sudaryta d\u0117l elektronini\u0173 prietais\u0173 ar kosmetikos priemoni\u0173. Gra\u017einam\u0173 preki\u0173 pakuot\u0117 turi b\u016bti \u0161vari ir nesugadinta, gr\u0105\u017einamas daiktas turi b\u016bti pilnai sukomplektuotas, prie\u0161ingu atveju Pardav\u0117jas turi teis\u0119 nepriimti gr\u0105\u017einamos prek\u0117s. S\u0105skait\u0105 u\u017e preki\u0173 gr\u0105\u017einim\u0105 apmoka Pirk\u0117jas.3.3. Pirk\u0117jas, pasteb\u0117j\u0119s, kad prek\u0117 yra brokuota, ne v\u0117liau kaip per 14 dien\u0173 po prek\u0117s gavimo, turi informuoti Pardav\u0117j\u0105. Pirk\u0117jas turi ra\u0161tu para\u0161yti laisvos formos pra\u0161ym\u0105 (si\u0173sti el. pa\u0161tu \u2013 info@baltukas.lt arba prid\u0117ti prie gr\u0105\u017einamos prek\u0117s), kuriame pasirinkt\u0173 kompensavimo form\u0105: pakeisti brokuot\u0105 prek\u0119 \u012f nauj\u0105 ir nemokamai nusi\u0173sti pirk\u0117jui; gra\u017einti pinigus \u012f nurodyt\u0105 pirk\u0117jo s\u0105skait\u0105. Pirk\u0117jas gr\u0105\u017einimo pra\u0161yme turi nurodyti, kada pirko prek\u0119, koks buvo u\u017esakymo numeris ir gr\u0105\u017einimo prie\u017east\u012f. Jei Pirk\u0117jas gr\u0105\u017eindamas prek\u0119 nesilaikys vis\u0173 auk\u0161\u010diau i\u0161d\u0117styt\u0173 s\u0105lyg\u0173, perfectskin.lt pasilieka teis\u0119 nekeisti ir nekompensuoti u\u017e gr\u0105\u017einamas prekes.3.4. Pirk\u0117jas turi kitas Taisykl\u0117se ir Lietuvos Respublikos teis\u0117s aktuose numatytas teises.&nbsp;<\/p>\n\n\n\n<p>4. Pirk\u0117jo pareigos<\/p>\n\n\n\n<p>4.1. Pirk\u0117jas privalo priimti u\u017esakytas prekes, sumok\u0117ti preki\u0173 ir j\u0173 pristatymo kain\u0105. U\u017e prekes Pirk\u0117jas susimok\u0117ti gali naudodamasis savo banku internete, paysera.lt sistemos pagalba arba jei Pirk\u0117jas nori prekes atsiimti Pardav\u0117jo filiale \u2013 tik i\u0161 anksto atlikus apmok\u0117jim\u0105 u\u017e prekes.4.2. Jei pasikei\u010dia Pirk\u0117jo registracijos formoje pateikti duomenys, Pirk\u0117jas privalo informuoti Pardav\u0117j\u0105 ir nedelsdamas juos atnaujinti.4.3. Pirk\u0117jui patvirtinus u\u017esakym\u0105, mok\u0117jimas u\u017e prekes privalo b\u016bti atliktas per 24 valandas. Negavus mok\u0117jimo per \u0161\u012f termin\u0105 Pardav\u0117jas turi teis\u0119 pirkimo \u2013 pardavimo sutart\u012f laikyti negaliojan\u010dia.4.4. Pirk\u0117jas privalo laikytis kit\u0173 Taisykl\u0117se bei Lietuvos Respublikos teis\u0117s aktuose nustatyt\u0173 reikalavim\u0173.&nbsp;<\/p>\n\n\n\n<p>5. Pardav\u0117jo teis\u0117s<\/p>\n\n\n\n<p>5.1. Jei Pirk\u0117jas bando s\u0105moningai pakenkti elektronin\u0117s parduotuv\u0117s darbui ar veikimui, Pardav\u0117jas turi teis\u0119 be i\u0161ankstinio persp\u0117jimo apriboti ar nutraukti Pirk\u0117jo galimyb\u0119 naudotis elektronine parduotuve ir neatsako u\u017e jokius su tuo susijusius Pirk\u0117jo nuostolius.5.2. Pardav\u0117jas turi teis\u0119 viena\u0161ali\u0161kai pakeisti Taisykles ar nutraukti elektronin\u0117s parduotuv\u0117s veikl\u0105.5.3. Pardav\u0117jas turi kitas Taisykl\u0117se ir Lietuvos Respublikos teis\u0117s aktuose numatytas teises.&nbsp;<\/p>\n\n\n\n<p>6. Pardav\u0117jo \u012fsipareigojimai<\/p>\n\n\n\n<p>6.1. Pardav\u0117jas \u012fsipareigoja sudaryti s\u0105lygas Pirk\u0117jui naudotis elektronine parduotuve ir vykdyti pirkimo \u2013 pardavimo sutartis.6.2. Pardav\u0117jas \u012fsipareigoja laikytis kit\u0173 \u0161iose Taisykl\u0117se nustatyt\u0173 reikalavim\u0173.&nbsp;<\/p>\n\n\n\n<p>7. Preki\u0173 pristatymas&nbsp;<\/p>\n\n\n\n<p>7.1. Prek\u0117s Pirk\u0117jo s\u0105skaita pristatomos \u012f pasirinkt\u0105 pa\u0161tomat\u0105. Pardav\u0117jas savo s\u0105skaita pristato prekes \u012f Pirk\u0117jo pasirinkt\u0105 filial\u0105 jei u\u017esakymo suma vir\u0161ija 40\u20ac sum\u0105.7.2. Prek\u0117s pristatomos Pirk\u0117jo nurodytu adresu per ne ilgesn\u012f nei 30 darbo dien\u0173 laikotarp\u012f. Prek\u0117s pristatomos visoje Lietuvoje.7.3. Preki\u0173 pristatymo metu Pirk\u0117jas su Pardav\u0117ju ar Pardav\u0117jo atstovu turi patikrinti u\u017esakyt\u0173 preki\u0173 kiek\u012f ir b\u016bkl\u0119. Pirk\u0117jui pasira\u0161ius preki\u0173 pristatymo patvirtinime laikoma, kad pirkimo \u2013 pardavimo sutartis \u012fvykdyta ir Pirk\u0117jas neturi pretenzij\u0173.7.4. Jei prekes priims ne Pirk\u0117jas, Pirk\u0117jas privalo informuoti Pardav\u0117j\u0105 nurodydamas priimsian\u010dio asmens duomenims pildant u\u017esakymo pristatymo informacij\u0105.&nbsp;<\/p>\n\n\n\n<p>8. Atsakomyb\u0117<\/p>\n\n\n\n<p>8.1. Pirk\u0117jas pilnai atsako u\u017e registracijos formoje pateikt\u0173 duomen\u0173 teisingum\u0105 ir prisiima atsakomybe u\u017e padarinius, kilusius d\u0117l registracijos formoje pateikt\u0173 klaiding\u0173 ar netiksli\u0173 duomen\u0173.8.2. Pirk\u0117jas \u012fsipareigoja neatskleisti prisijungimo duomen\u0173 tre\u010diosioms \u0161alims. Jei tre\u010dia \u0161alis naudojasi Pirk\u0117jo prisijungimo kodais, Pirk\u0117jas yra atsakingas u\u017e tre\u010dios \u0161alies veiksmus elektronin\u0117je parduotuv\u0117je.8.3. Pardav\u0117jas atsakingas tik u\u017e t\u0105 informacij\u0105, kuri yra pateikta Pardav\u0117jo tinklapyje.&nbsp;<\/p>\n\n\n\n<p>9. Informacijos siuntimas<\/p>\n\n\n\n<p>9.1. Pardav\u0117jas visus prane\u0161imus siun\u010dia Pirk\u0117jo registracijos formoje pateiktu el. pa\u0161to adresu.9.2. Pirk\u0117jas visus prane\u0161imus ir klausimus siun\u010dia Pardav\u0117jui el. pa\u0161tu info@baltukas.lt<\/p>\n\n\n\n<p>10. Baigiamosios nuostatos<\/p>\n\n\n\n<p>10.1. \u0160ioms Taisykl\u0117ms yra taikomi Lietuvos Respublikos teis\u0117s aktai.10.2. Visi nesutarimai d\u0117l pirkimo \u2013 pardavimo sutarties tarp Pirk\u0117jo ir Pardav\u0117jo, yra sprend\u017eiami derybomis. Nepavykus susitarti, nesutarimai sprend\u017eiami Lietuvos Respublikos teis\u0117s akt\u0173 nustatyta tvarka.&nbsp;<\/p>\n\n\n\n<p>11. Preki\u0173 gr\u0105\u017einimo s\u0105lygos&nbsp;<\/p>\n\n\n\n<p>11.1. Gr\u0105\u017einimo laikotarpis \u2013 14 dien\u0173 nuo \u012fsigijimo dienos. 11.2. Gr\u0105\u017einama prek\u0117 turi b\u016bti originalioje tvarkingoje pakuot\u0117je, nepraradusi prekin\u0117s i\u0161vaizdos (tai netaikoma gr\u0105\u017einant nekokybi\u0161k\u0105 prek\u0119), pilnos komplektacijos. 11.3. Gr\u0105\u017einama prek\u0117 turi b\u016bti nesugadinta ir nenaudota. 11.4. Taip pat b\u016btina pateikti prek\u0117s \u012fsigijimo dokument\u0105 ir vis\u0105 prie prek\u0117s buvusi\u0105 dokumentacij\u0105. 11.5. Preki\u0173 gr\u0105\u017einimo atveju u\u017e suteiktas paslaugas (transporto, krovos darb\u0173 ir kt.) pinigai n\u0117ra gr\u0105\u017einami. Pardav\u0117jas turi teis\u0119 nepriimti Pirk\u0117jo gr\u0105\u017einam\u0173 preki\u0173, jei Pirk\u0117jas nesilaiko \u0161iame straipsnyje nustatytos preki\u0173 gr\u0105\u017einimo tvarkos.<\/p>\n\n\n\n<p>12. Kokybi\u0161kos prek\u0117s gr\u0105\u017einimas \/ keitimas&nbsp;<\/p>\n\n\n\n<p>Kokybi\u0161kos prek\u0117s gr\u0105\u017einimas vykdomas vadovaujantis \u201cMa\u017emenin\u0117s prekybos taisykl\u0117mis\u201d, patvirtintomis 2001-06-11 Lietuvos Respublikos Vyriausyb\u0117s nutarimu Nr. 697 (Lietuvos Respublikos Vyriausyb\u0117s 2014-07-22 nutarimo Nr. 738 redakcija). \u0160iuo atveju preki\u0173 gr\u0105\u017einimo i\u0161laidas apmoka pirk\u0117jas.<\/p>\n\n\n\n<p>13. Nekokybi\u0161kos prek\u0117s gr\u0105\u017einimas \/ keitimas&nbsp;<\/p>\n\n\n\n<p>Jeigu prek\u0117s gr\u0105\u017einimo ar keitimo prie\u017eastis yra netinkama prek\u0117s kokyb\u0117, (baltukas.lt) \u012fsipareigoja savo l\u0117\u0161omis pakeisti netinkamos kokyb\u0117s prek\u0119 tinkamos kokyb\u0117s preke arba gr\u0105\u017einti u\u017e prek\u0119 sumok\u0117tus pinigus. Netinkamos kokyb\u0117s prek\u0117s kei\u010diamos ar gr\u0105\u017einamos vadovaujantis \u201cMa\u017emenin\u0117s prekybos taisykl\u0117mis\u201d, patvirtintomis 2001-06-11 Lietuvos Respublikos Vyriausyb\u0117s nutarimu Nr. 697 (Lietuvos Respublikos Vyriausyb\u0117s 2014-07-22 nutarimo Nr. 738 redakcija).<\/p>","protected":false},"excerpt":{"rendered":"<p>Redaguota ir galioja nuo: 2024-03-22 \u0160iame dokumente yra apibr\u0117\u017eiamos \u012fmon\u0117s \u201eBaltukas\u201d svetain\u0117s https:\/\/www.baltukas.lt pirkimo ir gr\u0105\u017einimo informacija. 1. Bendrosios nuostatos \u0160ios pirkimo \u2013 pardavimo taisykl\u0117s (toliau \u2013 Taisykl\u0117s) nustato asmens, perkan\u010dio prekes&nbsp;baltukas.lt&nbsp;elektronin\u0117je parduotuv\u0117je (toliau \u2013 Pirk\u0117jas), ir&nbsp;baltukas.lt&nbsp;(toliau \u2013 Pardav\u0117jas) tarpusavio teises, pareigas ir atsakomyb\u0119, Pirk\u0117jui perkant prekes elektronin\u0117je parduotuv\u0117je. \u012esigydamas prekes elektronin\u0117je parduotuv\u0117je, Pirkejas sutinka [&hellip;]<\/p>","protected":false},"author":1,"featured_media":0,"parent":0,"menu_order":0,"comment_status":"closed","ping_status":"closed","template":"","meta":{"_gspb_post_css":"","footnotes":""},"class_list":["post-39","page","type-page","status-publish","hentry"],"blocksy_meta":[],"_links":{"self":[{"href":"https:\/\/baltukas.lt\/en\/wp-json\/wp\/v2\/pages\/39","targetHints":{"allow":["GET"]}}],"collection":[{"href":"https:\/\/baltukas.lt\/en\/wp-json\/wp\/v2\/pages"}],"about":[{"href":"https:\/\/baltukas.lt\/en\/wp-json\/wp\/v2\/types\/page"}],"author":[{"embeddable":true,"href":"https:\/\/baltukas.lt\/en\/wp-json\/wp\/v2\/users\/1"}],"replies":[{"embeddable":true,"href":"https:\/\/baltukas.lt\/en\/wp-json\/wp\/v2\/comments?post=39"}],"version-history":[{"count":7,"href":"https:\/\/baltukas.lt\/en\/wp-json\/wp\/v2\/pages\/39\/revisions"}],"predecessor-version":[{"id":2215,"href":"https:\/\/baltukas.lt\/en\/wp-json\/wp\/v2\/pages\/39\/revisions\/2215"}],"wp:attachment":[{"href":"https:\/\/baltukas.lt\/en\/wp-json\/wp\/v2\/media?parent=39"}],"curies":[{"name":"wp","href":"https:\/\/api.w.org\/{rel}","templated":true}]}}