{"id":37,"date":"2024-04-08T18:30:35","date_gmt":"2024-04-08T18:30:35","guid":{"rendered":"https:\/\/baltukas.lt\/?page_id=37"},"modified":"2024-04-12T15:35:18","modified_gmt":"2024-04-12T12:35:18","slug":"privatumo-politika","status":"publish","type":"page","link":"https:\/\/baltukas.lt\/en\/privatumo-politika\/","title":{"rendered":"Privacy Policy"},"content":{"rendered":"<p><strong>Redaguota ir galioja nuo: 2024-03-22<\/strong><\/p>\n\n\n\n<p><strong>\u012e\u017eanga<\/strong><\/p>\n\n\n\n<p><strong>\u201eBaltukas<\/strong>\u201d svetain\u0117je, kuri yra adresu baltukas.lt, vienas i\u0161 svarbiausi\u0173 m\u016bs\u0173 prioritet\u0173 yra m\u016bs\u0173 lankytoj\u0173 privatumas. \u0160iame privatumo politikos dokumente pateikiama informacija, kuri\u0105 renka ir registruoja <strong>\u201eBaltukas<\/strong>\u201d, tipai ir kaip mes j\u0105 naudojame. Jei turite papildom\u0173 klausim\u0173 arba norite gauti daugiau informacijos apie m\u016bs\u0173 privatumo politik\u0105, nedvejodami susisiekite su mumis el. pa\u0161tu: info@baltukas.lt \u0160i privatumo politika taikoma tik m\u016bs\u0173 veiklai internete ir galioja m\u016bs\u0173 svetain\u0117s lankytojams, kiek tai susij\u0119 su informacija, kuria jie dalijasi ir (arba) kuri\u0105 renka <strong>\u201eBaltukas<\/strong>\u201d. \u0160i politika netaikoma jokiai informacijai, surinktai ne internetu ar kitais kanalais, i\u0161skyrus \u0161i\u0105 svetain\u0119.<\/p>\n\n\n\n<p><strong>Sutikimas<\/strong><\/p>\n\n\n\n<p>Naudodamiesi m\u016bs\u0173 svetaine, j\u016bs sutinkate su m\u016bs\u0173 privatumo politika ir<\/p>\n\n\n\n<p>sutinkate su jos s\u0105lygomis.<\/p>\n\n\n\n<p><strong>Renkama informacija<\/strong><\/p>\n\n\n\n<p>Asmenin\u0117 informacija, kuri\u0105 pra\u0161oma pateikti, ir prie\u017eastys, d\u0117l kuri\u0173 pra\u0161oma j\u0105 pateikti, jums bus paai\u0161kintos tuo metu, kai pra\u0161ysime pateikti asmenin\u0119 informacij\u0105. Jei su mumis susisieksite tiesiogiai, galime gauti papildomos informacijos apie jus, pavyzd\u017eiui, j\u016bs\u0173 vard\u0105, pavard\u0119, el. pa\u0161to adres\u0105, telefono numer\u012f, \u017einut\u0117s turin\u012f ir (arba) priedus, kuriuos galite mums si\u0173sti, ir bet koki\u0105 kit\u0105 informacij\u0105, kuri\u0105 galite pasirinkti pateikti. Kai registruojat\u0117s paskyroje, galime papra\u0161yti j\u016bs\u0173 kontaktin\u0117s informacijos, pvz., vardo ir pavard\u0117s, \u012fmon\u0117s pavadinimo, adreso, el. pa\u0161to adreso ir telefono numerio.<\/p>\n\n\n\n<p><strong>Kaip naudojame j\u016bs\u0173 informacij\u0105<\/strong><\/p>\n\n\n\n<p>-Surinkt\u0105 informacij\u0105 naudojame \u012fvairiais b\u016bdais, \u012fskaitant:<\/p>\n\n\n\n<p>-Teikti, valdyti ir pri\u017ei\u016br\u0117ti m\u016bs\u0173 svetain\u0119;<\/p>\n\n\n\n<p>-Tobulinti, pritaikyti ir pl\u0117sti m\u016bs\u0173 svetain\u0119;<\/p>\n\n\n\n<p>-Suprasti ir analizuoti, kaip naudojat\u0117s m\u016bs\u0173 svetaine;<\/p>\n\n\n\n<p>-Nauj\u0173 produkt\u0173, paslaug\u0173, funkcij\u0173 ir funkcionalumo k\u016brimui;<\/p>\n\n\n\n<p>-Bendrauti su jumis tiesiogiai arba per vien\u0105 i\u0161 m\u016bs\u0173 partneri\u0173, \u012fskaitant klient\u0173 aptarnavimo, atnaujinim\u0173 ir kitos su svetaine susijusios informacijos teikimo, rinkodaros ir reklamos tikslais;<\/p>\n\n\n\n<p>-Si\u0173sti jums el. lai\u0161kus;<\/p>\n\n\n\n<p>-Ie\u0161koti suk\u010diavimo atvej\u0173 ir u\u017ekirsti jiems keli\u0105;<\/p>\n\n\n\n<p><strong>\u017durnalo failai<\/strong><\/p>\n\n\n\n<p><strong>\u201eBaltukas<\/strong>\u201d taiko standartin\u0119 \u017eurnal\u0173 fail\u0173 naudojimo proced\u016br\u0105. \u0160ie failai registruoja lankytojus, kai jie lankosi interneto svetain\u0117se. Tai daro visos prieglobos paslaugas teikian\u010dios bendrov\u0117s, ir tai yra prieglobos paslaug\u0173 analiz\u0117s dalis. \u017durnalo failuose renkama informacija apima interneto protokolo (IP) adresus, nar\u0161ykl\u0117s tip\u0105, interneto paslaug\u0173 teik\u0117j\u0105 (IPT), datos ir laiko \u017eym\u0105, nukreipian\u010diuosius \/ i\u0161einan\u010diuosius puslapius ir galb\u016bt paspaudim\u0173 skai\u010di\u0173. \u0160ie duomenys nesusij\u0119 su jokia asmeni\u0161kai identifikuojama informacija. \u0160ios informacijos paskirtis \u2013 analizuoti tendencijas, administruoti svetain\u0119, sekti naudotoj\u0173 jud\u0117jim\u0105 svetain\u0117je ir rinkti demografin\u0119 informacij\u0105.<\/p>\n\n\n\n<p><strong>Reklamos partneri\u0173 privatumo politika<\/strong><\/p>\n\n\n\n<p>\u0160iame s\u0105ra\u0161e galite rasti kiekvieno <strong>\u201eBaltukas<\/strong>\u201d reklamos partnerio privatumo politik\u0105. Tre\u010di\u0173j\u0173 \u0161ali\u0173 skelbim\u0173 serveriai arba skelbim\u0173 tinklai naudoja tokias technologijas kaip slapukai, JavaScript arba \u017einiatinklio \u0161vyturiai, kurie yra naudojami atitinkamuose j\u0173 skelbimuose ir nuorodose, rodomuose <strong>\u201eBaltukas<\/strong>\u201d, kurie yra siun\u010diami tiesiai \u012f naudotoj\u0173 nar\u0161ykl\u0119. Tokiu atveju jie automati\u0161kai gauna j\u016bs\u0173 IP adres\u0105. \u0160ios technologijos naudojamos j\u0173 reklamos kampanij\u0173 veiksmingumui matuoti ir (arba) reklamos turiniui, kur\u012f matote j\u016bs\u0173 lankomose svetain\u0117se, pritaikyti. Atkreipkite d\u0117mes\u012f, kad 3D Spausdinimas \u2013 Spalvotas neturi prieigos prie \u0161i\u0173 slapuk\u0173, kuriuos naudoja tre\u010di\u0173j\u0173 \u0161ali\u0173 reklamuotojai, ir j\u0173 nekontroliuoja.<\/p>\n\n\n\n<p><strong>Tre\u010di\u0173j\u0173 \u0161ali\u0173 privatumo politika<\/strong><\/p>\n\n\n\n<p><strong>\u201eBaltukas<\/strong>\u201d privatumo politika netaikoma kitiems reklamuotojams ar svetain\u0117ms. Taigi, nor\u0117dami gauti i\u0161samesn\u0117s informacijos, patariame susipa\u017einti su atitinkamomis \u0161i\u0173 tre\u010di\u0173j\u0173 \u0161ali\u0173 skelbim\u0173 serveri\u0173 privatumo politikomis. Joje gali b\u016bti nurodyta j\u0173 praktika ir instrukcijos, kaip atsisakyti tam tikr\u0173 parink\u010di\u0173. Slapukus galite i\u0161jungti naudodamiesi individualios nar\u0161ykl\u0117s parinktimis. I\u0161samesn\u0117s informacijos apie slapuk\u0173 valdym\u0105 su konkre\u010diomis interneto nar\u0161ykl\u0117mis rasite atitinkamose nar\u0161ykli\u0173 svetain\u0117se.<\/p>\n\n\n\n<p><strong>CCPA privatumo teis\u0117s<\/strong><\/p>\n\n\n\n<p>Pagal CCPA, be kit\u0173 teisi\u0173 nustatymus, vartotojai turi teis\u0119:<\/p>\n\n\n\n<p>-Reikalauti, kad vartotojo asmens duomenis renkanti \u012fmon\u0117 atskleist\u0173, koki\u0173 kategorij\u0173 ir kokius konkre\u010dius asmens duomenis apie vartotojus ji surinko.<\/p>\n\n\n\n<p>-Reikalauti, kad \u012fmon\u0117 i\u0161trint\u0173 visus \u012fmon\u0117s surinktus vartotojo asmens duomenis.<\/p>\n\n\n\n<p>-Reikalauti, kad \u012fmon\u0117, kuri parduoda vartotojo asmens duomenis, neparduot\u0173 vartotojo asmens duomen\u0173. Jei pateikiate u\u017eklaus\u0105, atsakym\u0105 turime pateikti per m\u0117nes\u012f. Jei norite pasinaudoti bet kuria i\u0161 \u0161i\u0173 teisi\u0173, susisiekite su mumis.<\/p>\n\n\n\n<p><strong>BDAR duomen\u0173 apsaugos teis\u0117s<\/strong><\/p>\n\n\n\n<p>Nor\u0117tume \u012fsitikinti, kad \u017einote visas savo teises, susijusias su duomen\u0173 apsauga. Kiekvienas naudotojas turi \u0161ias teises: Teis\u0117 susipa\u017einti \u2013 turite teis\u0119 pra\u0161yti savo asmens duomen\u0173 kopij\u0173. U\u017e \u0161i\u0105 paslaug\u0105 galime imti nedidel\u012f mokest\u012f. Teis\u0117 \u012f i\u0161taisym\u0105 \u2013 turite teis\u0119 pra\u0161yti, kad i\u0161taisytume bet koki\u0105 informacij\u0105, kuri, j\u016bs\u0173 manymu, yra netiksli. Taip pat turite teis\u0119 pra\u0161yti papildyti, j\u016bs\u0173 manymu, nei\u0161sami\u0105 informacij\u0105. Teis\u0117 i\u0161trinti duomenis \u2013 tam tikromis s\u0105lygomis turite teis\u0119 pra\u0161yti, kad i\u0161trintume j\u016bs\u0173 asmens duomenis. Teis\u0117 apriboti duomen\u0173 tvarkym\u0105 \u2013 tam tikromis s\u0105lygomis turite teis\u0119 pra\u0161yti, kad apribotume j\u016bs\u0173 asmens duomen\u0173 tvarkym\u0105. Teis\u0117 nesutikti su duomen\u0173 tvarkymu \u2013 tam tikromis s\u0105lygomis turite teis\u0119 nesutikti, kad tvarkytume j\u016bs\u0173 asmens duomenis. Teis\u0117 \u012f duomen\u0173 perk\u0117lim\u0105 \u2013 turite teis\u0119 pra\u0161yti, kad tam tikromis s\u0105lygomis perduotume surinktus duomenis kitai organizacijai arba tiesiogiai jums. Jei pateikiate u\u017eklaus\u0105, atsakym\u0105 turime pateikti per m\u0117nes\u012f. Jei norite pasinaudoti bet kuria i\u0161 \u0161i\u0173 teisi\u0173, susisiekite su mumis.<\/p>\n\n\n\n<p><strong>Informacija d\u0117l vaik\u0173 naudojimosi svetaine<\/strong><\/p>\n\n\n\n<p>Kitas m\u016bs\u0173 prioritetas \u2013 u\u017etikrinti vaik\u0173 apsaug\u0105 naudojantis internetu. Raginame t\u0117vus ir glob\u0117jus steb\u0117ti, dalyvauti ir (arba) kontroliuoti j\u0173 veikl\u0105 internete. <strong>\u201eBaltukas<\/strong>\u201d s\u0105moningai nerenka jokios asmenin\u0117s informacijos i\u0161 jaunesni\u0173 nei 13 met\u0173 am\u017eiaus vaik\u0173. Jei manote, kad j\u016bs\u0173 vaikas pateik\u0117 toki\u0105 informacij\u0105 m\u016bs\u0173 svetain\u0117je, primygtinai raginame nedelsdami susisiekti su mumis, ir mes padarysime visk\u0105, kas \u012fmanoma, kad tokia informacija b\u016bt\u0173 nedelsiant pa\u0161alinta i\u0161 m\u016bs\u0173 \u012fra\u0161\u0173.<\/p>\n\n\n\n<p><strong>Kontaktai i\u0161kilus klausimams<\/strong><\/p>\n\n\n\n<p><strong>\u201eBaltukas<\/strong>\u201d<\/p>\n\n\n\n<p>info@baltukas.lt<\/p>","protected":false},"excerpt":{"rendered":"<p>Redaguota ir galioja nuo: 2024-03-22 \u012e\u017eanga \u201eBaltukas\u201d svetain\u0117je, kuri yra adresu baltukas.lt, vienas i\u0161 svarbiausi\u0173 m\u016bs\u0173 prioritet\u0173 yra m\u016bs\u0173 lankytoj\u0173 privatumas. \u0160iame privatumo politikos dokumente pateikiama informacija, kuri\u0105 renka ir registruoja \u201eBaltukas\u201d, tipai ir kaip mes j\u0105 naudojame. Jei turite papildom\u0173 klausim\u0173 arba norite gauti daugiau informacijos apie m\u016bs\u0173 privatumo politik\u0105, nedvejodami susisiekite su mumis [&hellip;]<\/p>","protected":false},"author":1,"featured_media":0,"parent":0,"menu_order":0,"comment_status":"closed","ping_status":"closed","template":"","meta":{"_gspb_post_css":"","footnotes":""},"class_list":["post-37","page","type-page","status-publish","hentry"],"blocksy_meta":[],"_links":{"self":[{"href":"https:\/\/baltukas.lt\/en\/wp-json\/wp\/v2\/pages\/37","targetHints":{"allow":["GET"]}}],"collection":[{"href":"https:\/\/baltukas.lt\/en\/wp-json\/wp\/v2\/pages"}],"about":[{"href":"https:\/\/baltukas.lt\/en\/wp-json\/wp\/v2\/types\/page"}],"author":[{"embeddable":true,"href":"https:\/\/baltukas.lt\/en\/wp-json\/wp\/v2\/users\/1"}],"replies":[{"embeddable":true,"href":"https:\/\/baltukas.lt\/en\/wp-json\/wp\/v2\/comments?post=37"}],"version-history":[{"count":3,"href":"https:\/\/baltukas.lt\/en\/wp-json\/wp\/v2\/pages\/37\/revisions"}],"predecessor-version":[{"id":938,"href":"https:\/\/baltukas.lt\/en\/wp-json\/wp\/v2\/pages\/37\/revisions\/938"}],"wp:attachment":[{"href":"https:\/\/baltukas.lt\/en\/wp-json\/wp\/v2\/media?parent=37"}],"curies":[{"name":"wp","href":"https:\/\/api.w.org\/{rel}","templated":true}]}}